{"id":13,"date":"2015-05-05T13:14:28","date_gmt":"2015-05-05T11:14:28","guid":{"rendered":"http:\/\/derwegzudirwartung.de\/?page_id=13"},"modified":"2023-04-13T10:15:29","modified_gmt":"2023-04-13T10:15:29","slug":"therapie","status":"publish","type":"page","link":"https:\/\/derwegzudir.org\/index.php\/therapie\/","title":{"rendered":"Psychologische Beratung"},"content":{"rendered":"<p>KEINE ABRECHNUNG MIT GESETZLICHEN KRANKENKASSEN!<\/p>\n<p>Alle Schwierigkeiten, ob gesundheitlicher, finanzieller oder partnerschaftlicher Art sind im Kern ein Beziehungsproblem. Sie spiegeln uns, welche unserer Anteile (Bed\u00fcrfnisse und Verhaltensweisen) wir noch verurteilen bzw. unterdr\u00fccken. Eine der Hauptursachen f\u00fcr ihr Entstehen ist eine beschr\u00e4nkende \u2013 h\u00e4ufig auf einem Missverst\u00e4ndnis beruhende \u2013 \u00dcberzeugung.<\/p>\n<p>Auch wenn wir diese sehr fr\u00fch in unserem Leben trafen, haben sie noch immer gro\u00dfen Einfluss auf unser Verhalten und unsere Beziehungen. Heute f\u00fchren sie unter anderem zu k\u00f6rperlichen Beschwerden, wie Verspannungen, Atemnot, sexuellen Problemen und sehr h\u00e4ufig zu emotionalen Schwierigkeiten, wie \u00c4ngsten, mangelndem Selbstwertgef\u00fchl, Antriebslosigkeit und Depressionen.<\/p>\n<p>Ich f\u00fchre und begleite Sie mit Klarheit und Verst\u00e4ndnis hin zur Aufdeckung und zur \u00dcbernahme der Verantwortung f\u00fcr diese Gef\u00fchle. So werden Sie unabh\u00e4ngiger von \u00e4u\u00dferen Einfl\u00fcssen und sind in der Lage ein selbstbestimmtes und gl\u00fcckliches Leben zu f\u00fchren.<\/p>\n<h1>Methoden<\/h1>\n<p>Durch meine langj\u00e4hrige Erfahrung, meine Vielzahl an Ausbildungen und Qualifikationen steht mir ein gro\u00dfes Repertoire an Methoden f\u00fcr meine Arbeit zur Verf\u00fcgung.<\/p>\n<p>In Absprache mit Ihnen und im Vertrauen auf meine Intuition w\u00e4hle ich die f\u00fcr das jeweilige Thema passende Methode. Dies k\u00f6nnen<\/p>\n<p>&nbsp;<\/p>\n<ul>\n<li><a href=\"http:\/\/derwegzudirwartung.de\/?page_id=18\">der bewusst verbundene Atem<\/a><\/li>\n<\/ul>\n<p>&nbsp;<\/p>\n<p>&nbsp;<\/p>\n<p>&nbsp;<\/p>\n<ul>\n<li><a href=\"http:\/\/derwegzudirwartung.de\/?page_id=21\">die Voice-Dialogue Methode<\/a><\/li>\n<\/ul>\n<p>&nbsp;<\/p>\n<p>&nbsp;<\/p>\n<p>&nbsp;<\/p>\n<ul>\n<li><a href=\"http:\/\/derwegzudirwartung.de\/?page_id=25\">The Journey<\/a><\/li>\n<\/ul>\n<p>&nbsp;<\/p>\n<p>&nbsp;<\/p>\n<ul>\n<li>NLP &#8211; Ans\u00e4tze<\/li>\n<li>Focusing oder<\/li>\n<li>eine Aufstellung sein.<\/li>\n<\/ul>\n","protected":false},"excerpt":{"rendered":"<p>KEINE ABRECHNUNG MIT GESETZLICHEN KRANKENKASSEN! Alle Schwierigkeiten, ob gesundheitlicher, finanzieller oder partnerschaftlicher Art sind im Kern ein Beziehungsproblem. Sie spiegeln uns, welche unserer Anteile (Bed\u00fcrfnisse und Verhaltensweisen) wir noch verurteilen bzw. unterdr\u00fccken. Eine der Hauptursachen f\u00fcr ihr Entstehen ist eine beschr\u00e4nkende \u2013 h\u00e4ufig auf einem Missverst\u00e4ndnis beruhende \u2013 \u00dcberzeugung. Auch wenn wir diese sehr fr\u00fch<\/p>\n<p><a href=\"https:\/\/derwegzudir.org\/index.php\/therapie\/\" class=\"more-link\">Weiterlesen<\/a><\/p>\n","protected":false},"author":2,"featured_media":0,"parent":0,"menu_order":0,"comment_status":"closed","ping_status":"closed","template":"","meta":{"footnotes":"","_links_to":"","_links_to_target":""},"class_list":["post-13","page","type-page","status-publish","hentry"],"yoast_head":"<!-- This site is optimized with the Yoast SEO plugin v27.1.1 - https:\/\/yoast.com\/product\/yoast-seo-wordpress\/ -->\n<title>Psychologische Beratung - Der Weg zu Dir - Praxis von Detlef Deva Wallow<\/title>\n<meta name=\"robots\" content=\"index, follow, max-snippet:-1, max-image-preview:large, max-video-preview:-1\" \/>\n<link rel=\"canonical\" href=\"https:\/\/derwegzudir.org\/index.php\/therapie\/\" \/>\n<meta property=\"og:locale\" content=\"de_DE\" \/>\n<meta property=\"og:type\" content=\"article\" \/>\n<meta property=\"og:title\" content=\"Psychologische Beratung - Der Weg zu Dir - Praxis von Detlef Deva Wallow\" \/>\n<meta property=\"og:description\" content=\"KEINE ABRECHNUNG MIT GESETZLICHEN KRANKENKASSEN! Alle Schwierigkeiten, ob gesundheitlicher, finanzieller oder partnerschaftlicher Art sind im Kern ein Beziehungsproblem. Sie spiegeln uns, welche unserer Anteile (Bed\u00fcrfnisse und Verhaltensweisen) wir noch verurteilen bzw. unterdr\u00fccken. Eine der Hauptursachen f\u00fcr ihr Entstehen ist eine beschr\u00e4nkende \u2013 h\u00e4ufig auf einem Missverst\u00e4ndnis beruhende \u2013 \u00dcberzeugung. Auch wenn wir diese sehr fr\u00fchWeiterlesen\" \/>\n<meta property=\"og:url\" content=\"https:\/\/derwegzudir.org\/index.php\/therapie\/\" \/>\n<meta property=\"og:site_name\" content=\"Der Weg zu Dir - Praxis von Detlef Deva Wallow\" \/>\n<meta property=\"article:modified_time\" content=\"2023-04-13T10:15:29+00:00\" \/>\n<meta name=\"twitter:card\" content=\"summary_large_image\" \/>\n<meta name=\"twitter:label1\" content=\"Gesch\u00e4tzte Lesezeit\" \/>\n\t<meta name=\"twitter:data1\" content=\"2\u00a0Minuten\" \/>\n<script type=\"application\/ld+json\" class=\"yoast-schema-graph\">{\"@context\":\"https:\/\/schema.org\",\"@graph\":[{\"@type\":\"WebPage\",\"@id\":\"https:\/\/derwegzudir.org\/index.php\/therapie\/\",\"url\":\"https:\/\/derwegzudir.org\/index.php\/therapie\/\",\"name\":\"Psychologische Beratung - Der Weg zu Dir - Praxis von Detlef Deva Wallow\",\"isPartOf\":{\"@id\":\"https:\/\/derwegzudir.org\/#website\"},\"datePublished\":\"2015-05-05T11:14:28+00:00\",\"dateModified\":\"2023-04-13T10:15:29+00:00\",\"breadcrumb\":{\"@id\":\"https:\/\/derwegzudir.org\/index.php\/therapie\/#breadcrumb\"},\"inLanguage\":\"de\",\"potentialAction\":[{\"@type\":\"ReadAction\",\"target\":[\"https:\/\/derwegzudir.org\/index.php\/therapie\/\"]}]},{\"@type\":\"BreadcrumbList\",\"@id\":\"https:\/\/derwegzudir.org\/index.php\/therapie\/#breadcrumb\",\"itemListElement\":[{\"@type\":\"ListItem\",\"position\":1,\"name\":\"Startseite\",\"item\":\"https:\/\/derwegzudir.org\/\"},{\"@type\":\"ListItem\",\"position\":2,\"name\":\"Psychologische Beratung\"}]},{\"@type\":\"WebSite\",\"@id\":\"https:\/\/derwegzudir.org\/#website\",\"url\":\"https:\/\/derwegzudir.org\/\",\"name\":\"Der Weg zu Dir - Praxis von Detlef Deva Wallow\",\"description\":\"\",\"publisher\":{\"@id\":\"https:\/\/derwegzudir.org\/#organization\"},\"potentialAction\":[{\"@type\":\"SearchAction\",\"target\":{\"@type\":\"EntryPoint\",\"urlTemplate\":\"https:\/\/derwegzudir.org\/?s={search_term_string}\"},\"query-input\":{\"@type\":\"PropertyValueSpecification\",\"valueRequired\":true,\"valueName\":\"search_term_string\"}}],\"inLanguage\":\"de\"},{\"@type\":\"Organization\",\"@id\":\"https:\/\/derwegzudir.org\/#organization\",\"name\":\"Der Weg zu Dir - Praxis von Detlef Deva Wallow\",\"url\":\"https:\/\/derwegzudir.org\/\",\"logo\":{\"@type\":\"ImageObject\",\"inLanguage\":\"de\",\"@id\":\"https:\/\/derwegzudir.org\/#\/schema\/logo\/image\/\",\"url\":\"https:\/\/derwegzudir.org\/wp-content\/uploads\/2020\/02\/cropped-3-1.png\",\"contentUrl\":\"https:\/\/derwegzudir.org\/wp-content\/uploads\/2020\/02\/cropped-3-1.png\",\"width\":210,\"height\":126,\"caption\":\"Der Weg zu Dir - Praxis von Detlef Deva Wallow\"},\"image\":{\"@id\":\"https:\/\/derwegzudir.org\/#\/schema\/logo\/image\/\"}}]}<\/script>\n<!-- \/ Yoast SEO plugin. -->","yoast_head_json":{"title":"Psychologische Beratung - Der Weg zu Dir - Praxis von Detlef Deva Wallow","robots":{"index":"index","follow":"follow","max-snippet":"max-snippet:-1","max-image-preview":"max-image-preview:large","max-video-preview":"max-video-preview:-1"},"canonical":"https:\/\/derwegzudir.org\/index.php\/therapie\/","og_locale":"de_DE","og_type":"article","og_title":"Psychologische Beratung - Der Weg zu Dir - Praxis von Detlef Deva Wallow","og_description":"KEINE ABRECHNUNG MIT GESETZLICHEN KRANKENKASSEN! Alle Schwierigkeiten, ob gesundheitlicher, finanzieller oder partnerschaftlicher Art sind im Kern ein Beziehungsproblem. Sie spiegeln uns, welche unserer Anteile (Bed\u00fcrfnisse und Verhaltensweisen) wir noch verurteilen bzw. unterdr\u00fccken. Eine der Hauptursachen f\u00fcr ihr Entstehen ist eine beschr\u00e4nkende \u2013 h\u00e4ufig auf einem Missverst\u00e4ndnis beruhende \u2013 \u00dcberzeugung. Auch wenn wir diese sehr fr\u00fchWeiterlesen","og_url":"https:\/\/derwegzudir.org\/index.php\/therapie\/","og_site_name":"Der Weg zu Dir - Praxis von Detlef Deva Wallow","article_modified_time":"2023-04-13T10:15:29+00:00","twitter_card":"summary_large_image","twitter_misc":{"Gesch\u00e4tzte Lesezeit":"2\u00a0Minuten"},"schema":{"@context":"https:\/\/schema.org","@graph":[{"@type":"WebPage","@id":"https:\/\/derwegzudir.org\/index.php\/therapie\/","url":"https:\/\/derwegzudir.org\/index.php\/therapie\/","name":"Psychologische Beratung - Der Weg zu Dir - Praxis von Detlef Deva Wallow","isPartOf":{"@id":"https:\/\/derwegzudir.org\/#website"},"datePublished":"2015-05-05T11:14:28+00:00","dateModified":"2023-04-13T10:15:29+00:00","breadcrumb":{"@id":"https:\/\/derwegzudir.org\/index.php\/therapie\/#breadcrumb"},"inLanguage":"de","potentialAction":[{"@type":"ReadAction","target":["https:\/\/derwegzudir.org\/index.php\/therapie\/"]}]},{"@type":"BreadcrumbList","@id":"https:\/\/derwegzudir.org\/index.php\/therapie\/#breadcrumb","itemListElement":[{"@type":"ListItem","position":1,"name":"Startseite","item":"https:\/\/derwegzudir.org\/"},{"@type":"ListItem","position":2,"name":"Psychologische Beratung"}]},{"@type":"WebSite","@id":"https:\/\/derwegzudir.org\/#website","url":"https:\/\/derwegzudir.org\/","name":"Der Weg zu Dir - Praxis von Detlef Deva Wallow","description":"","publisher":{"@id":"https:\/\/derwegzudir.org\/#organization"},"potentialAction":[{"@type":"SearchAction","target":{"@type":"EntryPoint","urlTemplate":"https:\/\/derwegzudir.org\/?s={search_term_string}"},"query-input":{"@type":"PropertyValueSpecification","valueRequired":true,"valueName":"search_term_string"}}],"inLanguage":"de"},{"@type":"Organization","@id":"https:\/\/derwegzudir.org\/#organization","name":"Der Weg zu Dir - Praxis von Detlef Deva Wallow","url":"https:\/\/derwegzudir.org\/","logo":{"@type":"ImageObject","inLanguage":"de","@id":"https:\/\/derwegzudir.org\/#\/schema\/logo\/image\/","url":"https:\/\/derwegzudir.org\/wp-content\/uploads\/2020\/02\/cropped-3-1.png","contentUrl":"https:\/\/derwegzudir.org\/wp-content\/uploads\/2020\/02\/cropped-3-1.png","width":210,"height":126,"caption":"Der Weg zu Dir - Praxis von Detlef Deva Wallow"},"image":{"@id":"https:\/\/derwegzudir.org\/#\/schema\/logo\/image\/"}}]}},"_links":{"self":[{"href":"https:\/\/derwegzudir.org\/index.php\/wp-json\/wp\/v2\/pages\/13","targetHints":{"allow":["GET"]}}],"collection":[{"href":"https:\/\/derwegzudir.org\/index.php\/wp-json\/wp\/v2\/pages"}],"about":[{"href":"https:\/\/derwegzudir.org\/index.php\/wp-json\/wp\/v2\/types\/page"}],"author":[{"embeddable":true,"href":"https:\/\/derwegzudir.org\/index.php\/wp-json\/wp\/v2\/users\/2"}],"replies":[{"embeddable":true,"href":"https:\/\/derwegzudir.org\/index.php\/wp-json\/wp\/v2\/comments?post=13"}],"version-history":[{"count":4,"href":"https:\/\/derwegzudir.org\/index.php\/wp-json\/wp\/v2\/pages\/13\/revisions"}],"predecessor-version":[{"id":497,"href":"https:\/\/derwegzudir.org\/index.php\/wp-json\/wp\/v2\/pages\/13\/revisions\/497"}],"wp:attachment":[{"href":"https:\/\/derwegzudir.org\/index.php\/wp-json\/wp\/v2\/media?parent=13"}],"curies":[{"name":"wp","href":"https:\/\/api.w.org\/{rel}","templated":true}]}}