{"id":18,"date":"2015-05-05T13:17:37","date_gmt":"2015-05-05T11:17:37","guid":{"rendered":"http:\/\/derwegzudirwartung.de\/?page_id=18"},"modified":"2015-05-05T13:17:37","modified_gmt":"2015-05-05T11:17:37","slug":"der-verbundene-atem","status":"publish","type":"page","link":"https:\/\/derwegzudir.org\/index.php\/therapie\/der-verbundene-atem\/","title":{"rendered":"Der Verbundene Atem"},"content":{"rendered":"<h1>Der Verbundene Atem<\/h1>\n<p>In der Entwicklung des menschlichen Bewusstseins nimmt der Atem eine zentrale und herausragende Stellung ein. Die Arbeit am Atem weckt unsere Selbst-Heilungskr\u00e4fte und f\u00f6rdert Vitalit\u00e4t und Lebensfreude. Sie ist ein Weg, um zur inneren Mitte zu kommen.<\/p>\n<p>Der Prozess des vertieften, verbundenen Atmens harmonisiert auf spontane nat\u00fcrliche Weise das Zusammenwirken von K\u00f6rper, Geist und Seele. Wir kommen in Kontakt mit begrenzenden Denkmustern und Gef\u00fchlen. Diese haben sich durch traumatische Erfahrungen oft bereits in fr\u00fchesten Lebensphasen eingepr\u00e4gt.<\/p>\n<p>&#8222;Es ver\u00e4ndert sich alles, wenn ich mich ver\u00e4ndere&#8220;<\/p>\n<p>Im Atemprozess werden k\u00f6rperliche, seelische und mentale Blockaden aufgesp\u00fcrt und auf sanfte Weise gel\u00f6st. Eine ungewohnt tiefe Entspannung stellt sich ein, oft verbunden mit Gef\u00fchlen der Vers\u00f6hnung, inneren Friedens und Ausweitung des Bewusstseins. Wir verbinden uns tiefer mit unseren essentiellen Qualit\u00e4ten. Erh\u00f6hte Pr\u00e4senz im K\u00f6rper und mehr Lebensenergie und Kraft im Alltag sind die nat\u00fcrliche Folge.<\/p>\n","protected":false},"excerpt":{"rendered":"<p>Der Verbundene Atem In der Entwicklung des menschlichen Bewusstseins nimmt der Atem eine zentrale und herausragende Stellung ein. Die Arbeit am Atem weckt unsere Selbst-Heilungskr\u00e4fte und f\u00f6rdert Vitalit\u00e4t und Lebensfreude. Sie ist ein Weg, um zur inneren Mitte zu kommen. Der Prozess des vertieften, verbundenen Atmens harmonisiert auf spontane nat\u00fcrliche Weise das Zusammenwirken von K\u00f6rper,<\/p>\n<p><a href=\"https:\/\/derwegzudir.org\/index.php\/therapie\/der-verbundene-atem\/\" class=\"more-link\">Weiterlesen<\/a><\/p>\n","protected":false},"author":2,"featured_media":0,"parent":13,"menu_order":0,"comment_status":"open","ping_status":"closed","template":"","meta":{"footnotes":"","_links_to":"","_links_to_target":""},"class_list":["post-18","page","type-page","status-publish","hentry"],"yoast_head":"<!-- This site is optimized with the Yoast SEO plugin v27.1.1 - https:\/\/yoast.com\/product\/yoast-seo-wordpress\/ -->\n<title>Der Verbundene Atem - Der Weg zu Dir - Praxis von Detlef Deva Wallow<\/title>\n<meta name=\"robots\" content=\"index, follow, max-snippet:-1, max-image-preview:large, max-video-preview:-1\" \/>\n<link rel=\"canonical\" href=\"https:\/\/derwegzudir.org\/index.php\/therapie\/der-verbundene-atem\/\" \/>\n<meta property=\"og:locale\" content=\"de_DE\" \/>\n<meta property=\"og:type\" content=\"article\" \/>\n<meta property=\"og:title\" content=\"Der Verbundene Atem - Der Weg zu Dir - Praxis von Detlef Deva Wallow\" \/>\n<meta property=\"og:description\" content=\"Der Verbundene Atem In der Entwicklung des menschlichen Bewusstseins nimmt der Atem eine zentrale und herausragende Stellung ein. Die Arbeit am Atem weckt unsere Selbst-Heilungskr\u00e4fte und f\u00f6rdert Vitalit\u00e4t und Lebensfreude. Sie ist ein Weg, um zur inneren Mitte zu kommen. Der Prozess des vertieften, verbundenen Atmens harmonisiert auf spontane nat\u00fcrliche Weise das Zusammenwirken von K\u00f6rper,Weiterlesen\" \/>\n<meta property=\"og:url\" content=\"https:\/\/derwegzudir.org\/index.php\/therapie\/der-verbundene-atem\/\" \/>\n<meta property=\"og:site_name\" content=\"Der Weg zu Dir - Praxis von Detlef Deva Wallow\" \/>\n<meta name=\"twitter:card\" content=\"summary_large_image\" \/>\n<meta name=\"twitter:label1\" content=\"Gesch\u00e4tzte Lesezeit\" \/>\n\t<meta name=\"twitter:data1\" content=\"1\u00a0Minute\" \/>\n<script type=\"application\/ld+json\" class=\"yoast-schema-graph\">{\"@context\":\"https:\/\/schema.org\",\"@graph\":[{\"@type\":\"WebPage\",\"@id\":\"https:\/\/derwegzudir.org\/index.php\/therapie\/der-verbundene-atem\/\",\"url\":\"https:\/\/derwegzudir.org\/index.php\/therapie\/der-verbundene-atem\/\",\"name\":\"Der Verbundene Atem - Der Weg zu Dir - Praxis von Detlef Deva Wallow\",\"isPartOf\":{\"@id\":\"https:\/\/derwegzudir.org\/#website\"},\"datePublished\":\"2015-05-05T11:17:37+00:00\",\"breadcrumb\":{\"@id\":\"https:\/\/derwegzudir.org\/index.php\/therapie\/der-verbundene-atem\/#breadcrumb\"},\"inLanguage\":\"de\",\"potentialAction\":[{\"@type\":\"ReadAction\",\"target\":[\"https:\/\/derwegzudir.org\/index.php\/therapie\/der-verbundene-atem\/\"]}]},{\"@type\":\"BreadcrumbList\",\"@id\":\"https:\/\/derwegzudir.org\/index.php\/therapie\/der-verbundene-atem\/#breadcrumb\",\"itemListElement\":[{\"@type\":\"ListItem\",\"position\":1,\"name\":\"Startseite\",\"item\":\"https:\/\/derwegzudir.org\/\"},{\"@type\":\"ListItem\",\"position\":2,\"name\":\"Psychologische Beratung\",\"item\":\"https:\/\/derwegzudir.org\/index.php\/therapie\/\"},{\"@type\":\"ListItem\",\"position\":3,\"name\":\"Der Verbundene Atem\"}]},{\"@type\":\"WebSite\",\"@id\":\"https:\/\/derwegzudir.org\/#website\",\"url\":\"https:\/\/derwegzudir.org\/\",\"name\":\"Der Weg zu Dir - Praxis von Detlef Deva Wallow\",\"description\":\"\",\"publisher\":{\"@id\":\"https:\/\/derwegzudir.org\/#organization\"},\"potentialAction\":[{\"@type\":\"SearchAction\",\"target\":{\"@type\":\"EntryPoint\",\"urlTemplate\":\"https:\/\/derwegzudir.org\/?s={search_term_string}\"},\"query-input\":{\"@type\":\"PropertyValueSpecification\",\"valueRequired\":true,\"valueName\":\"search_term_string\"}}],\"inLanguage\":\"de\"},{\"@type\":\"Organization\",\"@id\":\"https:\/\/derwegzudir.org\/#organization\",\"name\":\"Der Weg zu Dir - Praxis von Detlef Deva Wallow\",\"url\":\"https:\/\/derwegzudir.org\/\",\"logo\":{\"@type\":\"ImageObject\",\"inLanguage\":\"de\",\"@id\":\"https:\/\/derwegzudir.org\/#\/schema\/logo\/image\/\",\"url\":\"https:\/\/derwegzudir.org\/wp-content\/uploads\/2020\/02\/cropped-3-1.png\",\"contentUrl\":\"https:\/\/derwegzudir.org\/wp-content\/uploads\/2020\/02\/cropped-3-1.png\",\"width\":210,\"height\":126,\"caption\":\"Der Weg zu Dir - Praxis von Detlef Deva Wallow\"},\"image\":{\"@id\":\"https:\/\/derwegzudir.org\/#\/schema\/logo\/image\/\"}}]}<\/script>\n<!-- \/ Yoast SEO plugin. -->","yoast_head_json":{"title":"Der Verbundene Atem - Der Weg zu Dir - Praxis von Detlef Deva Wallow","robots":{"index":"index","follow":"follow","max-snippet":"max-snippet:-1","max-image-preview":"max-image-preview:large","max-video-preview":"max-video-preview:-1"},"canonical":"https:\/\/derwegzudir.org\/index.php\/therapie\/der-verbundene-atem\/","og_locale":"de_DE","og_type":"article","og_title":"Der Verbundene Atem - Der Weg zu Dir - Praxis von Detlef Deva Wallow","og_description":"Der Verbundene Atem In der Entwicklung des menschlichen Bewusstseins nimmt der Atem eine zentrale und herausragende Stellung ein. Die Arbeit am Atem weckt unsere Selbst-Heilungskr\u00e4fte und f\u00f6rdert Vitalit\u00e4t und Lebensfreude. Sie ist ein Weg, um zur inneren Mitte zu kommen. Der Prozess des vertieften, verbundenen Atmens harmonisiert auf spontane nat\u00fcrliche Weise das Zusammenwirken von K\u00f6rper,Weiterlesen","og_url":"https:\/\/derwegzudir.org\/index.php\/therapie\/der-verbundene-atem\/","og_site_name":"Der Weg zu Dir - Praxis von Detlef Deva Wallow","twitter_card":"summary_large_image","twitter_misc":{"Gesch\u00e4tzte Lesezeit":"1\u00a0Minute"},"schema":{"@context":"https:\/\/schema.org","@graph":[{"@type":"WebPage","@id":"https:\/\/derwegzudir.org\/index.php\/therapie\/der-verbundene-atem\/","url":"https:\/\/derwegzudir.org\/index.php\/therapie\/der-verbundene-atem\/","name":"Der Verbundene Atem - Der Weg zu Dir - Praxis von Detlef Deva Wallow","isPartOf":{"@id":"https:\/\/derwegzudir.org\/#website"},"datePublished":"2015-05-05T11:17:37+00:00","breadcrumb":{"@id":"https:\/\/derwegzudir.org\/index.php\/therapie\/der-verbundene-atem\/#breadcrumb"},"inLanguage":"de","potentialAction":[{"@type":"ReadAction","target":["https:\/\/derwegzudir.org\/index.php\/therapie\/der-verbundene-atem\/"]}]},{"@type":"BreadcrumbList","@id":"https:\/\/derwegzudir.org\/index.php\/therapie\/der-verbundene-atem\/#breadcrumb","itemListElement":[{"@type":"ListItem","position":1,"name":"Startseite","item":"https:\/\/derwegzudir.org\/"},{"@type":"ListItem","position":2,"name":"Psychologische Beratung","item":"https:\/\/derwegzudir.org\/index.php\/therapie\/"},{"@type":"ListItem","position":3,"name":"Der Verbundene Atem"}]},{"@type":"WebSite","@id":"https:\/\/derwegzudir.org\/#website","url":"https:\/\/derwegzudir.org\/","name":"Der Weg zu Dir - Praxis von Detlef Deva Wallow","description":"","publisher":{"@id":"https:\/\/derwegzudir.org\/#organization"},"potentialAction":[{"@type":"SearchAction","target":{"@type":"EntryPoint","urlTemplate":"https:\/\/derwegzudir.org\/?s={search_term_string}"},"query-input":{"@type":"PropertyValueSpecification","valueRequired":true,"valueName":"search_term_string"}}],"inLanguage":"de"},{"@type":"Organization","@id":"https:\/\/derwegzudir.org\/#organization","name":"Der Weg zu Dir - Praxis von Detlef Deva Wallow","url":"https:\/\/derwegzudir.org\/","logo":{"@type":"ImageObject","inLanguage":"de","@id":"https:\/\/derwegzudir.org\/#\/schema\/logo\/image\/","url":"https:\/\/derwegzudir.org\/wp-content\/uploads\/2020\/02\/cropped-3-1.png","contentUrl":"https:\/\/derwegzudir.org\/wp-content\/uploads\/2020\/02\/cropped-3-1.png","width":210,"height":126,"caption":"Der Weg zu Dir - Praxis von Detlef Deva Wallow"},"image":{"@id":"https:\/\/derwegzudir.org\/#\/schema\/logo\/image\/"}}]}},"_links":{"self":[{"href":"https:\/\/derwegzudir.org\/index.php\/wp-json\/wp\/v2\/pages\/18","targetHints":{"allow":["GET"]}}],"collection":[{"href":"https:\/\/derwegzudir.org\/index.php\/wp-json\/wp\/v2\/pages"}],"about":[{"href":"https:\/\/derwegzudir.org\/index.php\/wp-json\/wp\/v2\/types\/page"}],"author":[{"embeddable":true,"href":"https:\/\/derwegzudir.org\/index.php\/wp-json\/wp\/v2\/users\/2"}],"replies":[{"embeddable":true,"href":"https:\/\/derwegzudir.org\/index.php\/wp-json\/wp\/v2\/comments?post=18"}],"version-history":[{"count":0,"href":"https:\/\/derwegzudir.org\/index.php\/wp-json\/wp\/v2\/pages\/18\/revisions"}],"up":[{"embeddable":true,"href":"https:\/\/derwegzudir.org\/index.php\/wp-json\/wp\/v2\/pages\/13"}],"wp:attachment":[{"href":"https:\/\/derwegzudir.org\/index.php\/wp-json\/wp\/v2\/media?parent=18"}],"curies":[{"name":"wp","href":"https:\/\/api.w.org\/{rel}","templated":true}]}}