{"id":21,"date":"2015-05-05T13:19:31","date_gmt":"2015-05-05T11:19:31","guid":{"rendered":"http:\/\/derwegzudirwartung.de\/?page_id=21"},"modified":"2015-05-05T13:19:31","modified_gmt":"2015-05-05T11:19:31","slug":"die-voice-dialogue-methode","status":"publish","type":"page","link":"https:\/\/derwegzudir.org\/index.php\/therapie\/die-voice-dialogue-methode\/","title":{"rendered":"Die Voice-Dialogue Methode"},"content":{"rendered":"<p>Der Begriff Voice-Dialogue (\u00fcbersetzt etwa: Gespr\u00e4ch mit den inneren Stimmen) umfasst zwei Aspekte: Ein Konzept der menschlichen Psyche und eine Methode, die Realit\u00e4t dieses Konzeptes erfahrbar zu machen.<\/p>\n<p>Zum einen beschreibt der Voice-Dialogue das ganz alte und doch immer wieder ganz neu zu erringende Verst\u00e4ndnis der menschlichen Pers\u00f6nlichkeit. Diese ist demnach nicht als psychische Einheit zu verstehen, sondern als \u201einnere Gro\u00dffamilie\u201c, die sich aus vielen, manchmal sehr vielen, Pers\u00f6nlichkeiten, auch innere Stimmen oder Selbste genannt, zusammensetzt. Jede innere Stimme hat ihre eigene Art zu denken, zu f\u00fchlen, zu handeln und wahrzunehmen. Vielen davon, wie beispielsweise, der Kritiker, Kontrolleur, Perfektionist und Antreiben, sind uns bekannt.<\/p>\n<p>Der zweite Aspekt von Voice-Dialogue ist die spezielle Methode, diese inneren Stimmen zum Sprechen zu bringen. Bei diesem eindrucksvollen Vorgang offenbaren sich die einzelnen Selbste\u00a0in der Tat als ausgepr\u00e4gte Pers\u00f6nlichkeiten, mit eigenem Ged\u00e4chtnis, eigener Geschichte und durchaus eigenen Ansichten dar\u00fcber, was f\u00fcr Sie als Inhaber der betreffenden Stimme eigentlich gut und richtig w\u00e4re.<\/p>\n<p>Das Ziel der Voice-Dialogue Methode ist es ein bewusstes Selbst zu entwickeln, dass die Verantwortung f\u00fcr die Stimmen \u00fcbernimmt. So werden wir nicht l\u00e4nger von einer oder mehreren sehr starken Stimme gelenkt und haben eine Wahl, wie wir uns in dieser oder jener Situation verhalten wollen.<\/p>\n","protected":false},"excerpt":{"rendered":"<p>Der Begriff Voice-Dialogue (\u00fcbersetzt etwa: Gespr\u00e4ch mit den inneren Stimmen) umfasst zwei Aspekte: Ein Konzept der menschlichen Psyche und eine Methode, die Realit\u00e4t dieses Konzeptes erfahrbar zu machen. Zum einen beschreibt der Voice-Dialogue das ganz alte und doch immer wieder ganz neu zu erringende Verst\u00e4ndnis der menschlichen Pers\u00f6nlichkeit. Diese ist demnach nicht als psychische Einheit<\/p>\n<p><a href=\"https:\/\/derwegzudir.org\/index.php\/therapie\/die-voice-dialogue-methode\/\" class=\"more-link\">Weiterlesen<\/a><\/p>\n","protected":false},"author":2,"featured_media":0,"parent":13,"menu_order":0,"comment_status":"open","ping_status":"closed","template":"","meta":{"footnotes":"","_links_to":"","_links_to_target":""},"class_list":["post-21","page","type-page","status-publish","hentry"],"yoast_head":"<!-- This site is optimized with the Yoast SEO plugin v27.1.1 - https:\/\/yoast.com\/product\/yoast-seo-wordpress\/ -->\n<title>Die Voice-Dialogue Methode - Der Weg zu Dir - Praxis von Detlef Deva Wallow<\/title>\n<meta name=\"robots\" content=\"index, follow, max-snippet:-1, max-image-preview:large, max-video-preview:-1\" \/>\n<link rel=\"canonical\" href=\"https:\/\/derwegzudir.org\/index.php\/therapie\/die-voice-dialogue-methode\/\" \/>\n<meta property=\"og:locale\" content=\"de_DE\" \/>\n<meta property=\"og:type\" content=\"article\" \/>\n<meta property=\"og:title\" content=\"Die Voice-Dialogue Methode - Der Weg zu Dir - Praxis von Detlef Deva Wallow\" \/>\n<meta property=\"og:description\" content=\"Der Begriff Voice-Dialogue (\u00fcbersetzt etwa: Gespr\u00e4ch mit den inneren Stimmen) umfasst zwei Aspekte: Ein Konzept der menschlichen Psyche und eine Methode, die Realit\u00e4t dieses Konzeptes erfahrbar zu machen. Zum einen beschreibt der Voice-Dialogue das ganz alte und doch immer wieder ganz neu zu erringende Verst\u00e4ndnis der menschlichen Pers\u00f6nlichkeit. Diese ist demnach nicht als psychische EinheitWeiterlesen\" \/>\n<meta property=\"og:url\" content=\"https:\/\/derwegzudir.org\/index.php\/therapie\/die-voice-dialogue-methode\/\" \/>\n<meta property=\"og:site_name\" content=\"Der Weg zu Dir - Praxis von Detlef Deva Wallow\" \/>\n<meta name=\"twitter:card\" content=\"summary_large_image\" \/>\n<meta name=\"twitter:label1\" content=\"Gesch\u00e4tzte Lesezeit\" \/>\n\t<meta name=\"twitter:data1\" content=\"1\u00a0Minute\" \/>\n<script type=\"application\/ld+json\" class=\"yoast-schema-graph\">{\"@context\":\"https:\/\/schema.org\",\"@graph\":[{\"@type\":\"WebPage\",\"@id\":\"https:\/\/derwegzudir.org\/index.php\/therapie\/die-voice-dialogue-methode\/\",\"url\":\"https:\/\/derwegzudir.org\/index.php\/therapie\/die-voice-dialogue-methode\/\",\"name\":\"Die Voice-Dialogue Methode - Der Weg zu Dir - Praxis von Detlef Deva Wallow\",\"isPartOf\":{\"@id\":\"https:\/\/derwegzudir.org\/#website\"},\"datePublished\":\"2015-05-05T11:19:31+00:00\",\"breadcrumb\":{\"@id\":\"https:\/\/derwegzudir.org\/index.php\/therapie\/die-voice-dialogue-methode\/#breadcrumb\"},\"inLanguage\":\"de\",\"potentialAction\":[{\"@type\":\"ReadAction\",\"target\":[\"https:\/\/derwegzudir.org\/index.php\/therapie\/die-voice-dialogue-methode\/\"]}]},{\"@type\":\"BreadcrumbList\",\"@id\":\"https:\/\/derwegzudir.org\/index.php\/therapie\/die-voice-dialogue-methode\/#breadcrumb\",\"itemListElement\":[{\"@type\":\"ListItem\",\"position\":1,\"name\":\"Startseite\",\"item\":\"https:\/\/derwegzudir.org\/\"},{\"@type\":\"ListItem\",\"position\":2,\"name\":\"Psychologische Beratung\",\"item\":\"https:\/\/derwegzudir.org\/index.php\/therapie\/\"},{\"@type\":\"ListItem\",\"position\":3,\"name\":\"Die Voice-Dialogue Methode\"}]},{\"@type\":\"WebSite\",\"@id\":\"https:\/\/derwegzudir.org\/#website\",\"url\":\"https:\/\/derwegzudir.org\/\",\"name\":\"Der Weg zu Dir - Praxis von Detlef Deva Wallow\",\"description\":\"\",\"publisher\":{\"@id\":\"https:\/\/derwegzudir.org\/#organization\"},\"potentialAction\":[{\"@type\":\"SearchAction\",\"target\":{\"@type\":\"EntryPoint\",\"urlTemplate\":\"https:\/\/derwegzudir.org\/?s={search_term_string}\"},\"query-input\":{\"@type\":\"PropertyValueSpecification\",\"valueRequired\":true,\"valueName\":\"search_term_string\"}}],\"inLanguage\":\"de\"},{\"@type\":\"Organization\",\"@id\":\"https:\/\/derwegzudir.org\/#organization\",\"name\":\"Der Weg zu Dir - Praxis von Detlef Deva Wallow\",\"url\":\"https:\/\/derwegzudir.org\/\",\"logo\":{\"@type\":\"ImageObject\",\"inLanguage\":\"de\",\"@id\":\"https:\/\/derwegzudir.org\/#\/schema\/logo\/image\/\",\"url\":\"https:\/\/derwegzudir.org\/wp-content\/uploads\/2020\/02\/cropped-3-1.png\",\"contentUrl\":\"https:\/\/derwegzudir.org\/wp-content\/uploads\/2020\/02\/cropped-3-1.png\",\"width\":210,\"height\":126,\"caption\":\"Der Weg zu Dir - Praxis von Detlef Deva Wallow\"},\"image\":{\"@id\":\"https:\/\/derwegzudir.org\/#\/schema\/logo\/image\/\"}}]}<\/script>\n<!-- \/ Yoast SEO plugin. -->","yoast_head_json":{"title":"Die Voice-Dialogue Methode - Der Weg zu Dir - Praxis von Detlef Deva Wallow","robots":{"index":"index","follow":"follow","max-snippet":"max-snippet:-1","max-image-preview":"max-image-preview:large","max-video-preview":"max-video-preview:-1"},"canonical":"https:\/\/derwegzudir.org\/index.php\/therapie\/die-voice-dialogue-methode\/","og_locale":"de_DE","og_type":"article","og_title":"Die Voice-Dialogue Methode - Der Weg zu Dir - Praxis von Detlef Deva Wallow","og_description":"Der Begriff Voice-Dialogue (\u00fcbersetzt etwa: Gespr\u00e4ch mit den inneren Stimmen) umfasst zwei Aspekte: Ein Konzept der menschlichen Psyche und eine Methode, die Realit\u00e4t dieses Konzeptes erfahrbar zu machen. Zum einen beschreibt der Voice-Dialogue das ganz alte und doch immer wieder ganz neu zu erringende Verst\u00e4ndnis der menschlichen Pers\u00f6nlichkeit. Diese ist demnach nicht als psychische EinheitWeiterlesen","og_url":"https:\/\/derwegzudir.org\/index.php\/therapie\/die-voice-dialogue-methode\/","og_site_name":"Der Weg zu Dir - Praxis von Detlef Deva Wallow","twitter_card":"summary_large_image","twitter_misc":{"Gesch\u00e4tzte Lesezeit":"1\u00a0Minute"},"schema":{"@context":"https:\/\/schema.org","@graph":[{"@type":"WebPage","@id":"https:\/\/derwegzudir.org\/index.php\/therapie\/die-voice-dialogue-methode\/","url":"https:\/\/derwegzudir.org\/index.php\/therapie\/die-voice-dialogue-methode\/","name":"Die Voice-Dialogue Methode - Der Weg zu Dir - Praxis von Detlef Deva Wallow","isPartOf":{"@id":"https:\/\/derwegzudir.org\/#website"},"datePublished":"2015-05-05T11:19:31+00:00","breadcrumb":{"@id":"https:\/\/derwegzudir.org\/index.php\/therapie\/die-voice-dialogue-methode\/#breadcrumb"},"inLanguage":"de","potentialAction":[{"@type":"ReadAction","target":["https:\/\/derwegzudir.org\/index.php\/therapie\/die-voice-dialogue-methode\/"]}]},{"@type":"BreadcrumbList","@id":"https:\/\/derwegzudir.org\/index.php\/therapie\/die-voice-dialogue-methode\/#breadcrumb","itemListElement":[{"@type":"ListItem","position":1,"name":"Startseite","item":"https:\/\/derwegzudir.org\/"},{"@type":"ListItem","position":2,"name":"Psychologische Beratung","item":"https:\/\/derwegzudir.org\/index.php\/therapie\/"},{"@type":"ListItem","position":3,"name":"Die Voice-Dialogue Methode"}]},{"@type":"WebSite","@id":"https:\/\/derwegzudir.org\/#website","url":"https:\/\/derwegzudir.org\/","name":"Der Weg zu Dir - Praxis von Detlef Deva Wallow","description":"","publisher":{"@id":"https:\/\/derwegzudir.org\/#organization"},"potentialAction":[{"@type":"SearchAction","target":{"@type":"EntryPoint","urlTemplate":"https:\/\/derwegzudir.org\/?s={search_term_string}"},"query-input":{"@type":"PropertyValueSpecification","valueRequired":true,"valueName":"search_term_string"}}],"inLanguage":"de"},{"@type":"Organization","@id":"https:\/\/derwegzudir.org\/#organization","name":"Der Weg zu Dir - Praxis von Detlef Deva Wallow","url":"https:\/\/derwegzudir.org\/","logo":{"@type":"ImageObject","inLanguage":"de","@id":"https:\/\/derwegzudir.org\/#\/schema\/logo\/image\/","url":"https:\/\/derwegzudir.org\/wp-content\/uploads\/2020\/02\/cropped-3-1.png","contentUrl":"https:\/\/derwegzudir.org\/wp-content\/uploads\/2020\/02\/cropped-3-1.png","width":210,"height":126,"caption":"Der Weg zu Dir - Praxis von Detlef Deva Wallow"},"image":{"@id":"https:\/\/derwegzudir.org\/#\/schema\/logo\/image\/"}}]}},"_links":{"self":[{"href":"https:\/\/derwegzudir.org\/index.php\/wp-json\/wp\/v2\/pages\/21","targetHints":{"allow":["GET"]}}],"collection":[{"href":"https:\/\/derwegzudir.org\/index.php\/wp-json\/wp\/v2\/pages"}],"about":[{"href":"https:\/\/derwegzudir.org\/index.php\/wp-json\/wp\/v2\/types\/page"}],"author":[{"embeddable":true,"href":"https:\/\/derwegzudir.org\/index.php\/wp-json\/wp\/v2\/users\/2"}],"replies":[{"embeddable":true,"href":"https:\/\/derwegzudir.org\/index.php\/wp-json\/wp\/v2\/comments?post=21"}],"version-history":[{"count":0,"href":"https:\/\/derwegzudir.org\/index.php\/wp-json\/wp\/v2\/pages\/21\/revisions"}],"up":[{"embeddable":true,"href":"https:\/\/derwegzudir.org\/index.php\/wp-json\/wp\/v2\/pages\/13"}],"wp:attachment":[{"href":"https:\/\/derwegzudir.org\/index.php\/wp-json\/wp\/v2\/media?parent=21"}],"curies":[{"name":"wp","href":"https:\/\/api.w.org\/{rel}","templated":true}]}}