{"id":314,"date":"2019-03-05T13:41:25","date_gmt":"2019-03-05T13:41:25","guid":{"rendered":"https:\/\/derwegzudir.org\/?page_id=314"},"modified":"2019-06-05T09:24:51","modified_gmt":"2019-06-05T09:24:51","slug":"hochsensibilitaet","status":"publish","type":"page","link":"https:\/\/derwegzudir.org\/index.php\/hochsensibilitaet\/","title":{"rendered":"Hochsensibilit\u00e4t"},"content":{"rendered":"\r\n\r\n\r\n\r\nIch kann dir dabei helfen,\r\n\r\n\r\n\r\n\r\n<ul class=\"wp-block-list\">\r\n \t<li>dich (bzw. dein Kind oder deinen Partner) selber besser zu verstehen<\/li>\r\n \t<li>den Alltag erfolgreicher zu meistern<\/li>\r\n \t<li>Ressourcen f\u00fcr dich \/ dein Kind aufzubauen, die dabei helfen, Reiz\u00fcberflutung zu verarbeiten und mehr Energie zu tanken.<\/li>\r\n \t<li>Konflikte in Schule \/ Kindergarten reflektieren, ggf. zu Terminen begleiten und Gespr\u00e4che mit Lehrern \/ Erziehern vorbereiten<\/li>\r\n \t<li>\u00fcber Hochsensibilit\u00e4t informieren<\/li>\r\n \t<li>dich von den Emotionen anderer Menschen abzugrenzen<\/li>\r\n \t<li>deinen Arbeitsplatz so einzurichten, dass du konzentrierter arbeiten kannst<\/li>\r\n \t<li>den Aufbau und die &#8222;Pflege&#8220; deiner Beziehungen zu erleichtern<\/li>\r\n<\/ul>\r\n<img loading=\"lazy\" decoding=\"async\" class=\"alignnone size-full wp-image-315\" src=\"https:\/\/derwegzudir.org\/wp-content\/uploads\/2019\/03\/Happy-300x300.jpg\" alt=\"\" width=\"300\" height=\"300\" srcset=\"https:\/\/derwegzudir.org\/wp-content\/uploads\/2019\/03\/Happy-300x300.jpg 300w, https:\/\/derwegzudir.org\/wp-content\/uploads\/2019\/03\/Happy-300x300-150x150.jpg 150w\" sizes=\"auto, (max-width: 300px) 100vw, 300px\" \/>\r\n\r\nGemeinsam mit meiner Partnerin habe ich dieses Buch \u00fcber hochsensible Kinder im Humboldt Verlag geschrieben:\r\n\r\n<a href=\"http:\/\/hochsensibleskind.org\" target=\"_blank\" rel=\"noopener\">http:\/\/hochsensibleskind.org<\/a>\r\n\r\n\r\n\r\n\r\n\r\n","protected":false},"excerpt":{"rendered":"<p>Ich kann dir dabei helfen, dich (bzw. dein Kind oder deinen Partner) selber besser zu verstehen den Alltag erfolgreicher zu meistern Ressourcen f\u00fcr dich \/ dein Kind aufzubauen, die dabei helfen, Reiz\u00fcberflutung zu verarbeiten und mehr Energie zu tanken. Konflikte in Schule \/ Kindergarten reflektieren, ggf. zu Terminen begleiten und Gespr\u00e4che mit Lehrern \/ Erziehern<\/p>\n<p><a href=\"https:\/\/derwegzudir.org\/index.php\/hochsensibilitaet\/\" class=\"more-link\">Weiterlesen<\/a><\/p>\n","protected":false},"author":1,"featured_media":0,"parent":0,"menu_order":0,"comment_status":"closed","ping_status":"closed","template":"","meta":{"footnotes":"","_links_to":"","_links_to_target":""},"class_list":["post-314","page","type-page","status-publish","hentry"],"yoast_head":"<!-- This site is optimized with the Yoast SEO plugin v27.1.1 - https:\/\/yoast.com\/product\/yoast-seo-wordpress\/ -->\n<title>Hochsensibilit\u00e4t - Der Weg zu Dir - Praxis von Detlef Deva Wallow<\/title>\n<meta name=\"description\" content=\"Sind SIe hochsensibel? - St\u00e4rkung und Strategien f\u00fcr den Alltag: So wird das Leben als hochsensibler Mensch leichter. Jetzt Termin vereinbaren!\" \/>\n<meta name=\"robots\" content=\"index, follow, max-snippet:-1, max-image-preview:large, max-video-preview:-1\" \/>\n<link rel=\"canonical\" href=\"https:\/\/derwegzudir.org\/index.php\/hochsensibilitaet\/\" \/>\n<meta property=\"og:locale\" content=\"de_DE\" \/>\n<meta property=\"og:type\" content=\"article\" \/>\n<meta property=\"og:title\" content=\"Hochsensibilit\u00e4t - Der Weg zu Dir - Praxis von Detlef Deva Wallow\" \/>\n<meta property=\"og:description\" content=\"Sind SIe hochsensibel? - St\u00e4rkung und Strategien f\u00fcr den Alltag: So wird das Leben als hochsensibler Mensch leichter. Jetzt Termin vereinbaren!\" \/>\n<meta property=\"og:url\" content=\"https:\/\/derwegzudir.org\/index.php\/hochsensibilitaet\/\" \/>\n<meta property=\"og:site_name\" content=\"Der Weg zu Dir - Praxis von Detlef Deva Wallow\" \/>\n<meta property=\"article:modified_time\" content=\"2019-06-05T09:24:51+00:00\" \/>\n<meta property=\"og:image\" content=\"https:\/\/derwegzudir.org\/wp-content\/uploads\/2019\/03\/Happy-300x300.jpg\" \/>\n<meta name=\"twitter:card\" content=\"summary_large_image\" \/>\n<meta name=\"twitter:label1\" content=\"Gesch\u00e4tzte Lesezeit\" \/>\n\t<meta name=\"twitter:data1\" content=\"1\u00a0Minute\" \/>\n<script type=\"application\/ld+json\" class=\"yoast-schema-graph\">{\"@context\":\"https:\/\/schema.org\",\"@graph\":[{\"@type\":\"WebPage\",\"@id\":\"https:\/\/derwegzudir.org\/index.php\/hochsensibilitaet\/\",\"url\":\"https:\/\/derwegzudir.org\/index.php\/hochsensibilitaet\/\",\"name\":\"Hochsensibilit\u00e4t - Der Weg zu Dir - Praxis von Detlef Deva Wallow\",\"isPartOf\":{\"@id\":\"https:\/\/derwegzudir.org\/#website\"},\"primaryImageOfPage\":{\"@id\":\"https:\/\/derwegzudir.org\/index.php\/hochsensibilitaet\/#primaryimage\"},\"image\":{\"@id\":\"https:\/\/derwegzudir.org\/index.php\/hochsensibilitaet\/#primaryimage\"},\"thumbnailUrl\":\"https:\/\/derwegzudir.org\/wp-content\/uploads\/2019\/03\/Happy-300x300.jpg\",\"datePublished\":\"2019-03-05T13:41:25+00:00\",\"dateModified\":\"2019-06-05T09:24:51+00:00\",\"description\":\"Sind SIe hochsensibel? - St\u00e4rkung und Strategien f\u00fcr den Alltag: So wird das Leben als hochsensibler Mensch leichter. Jetzt Termin vereinbaren!\",\"breadcrumb\":{\"@id\":\"https:\/\/derwegzudir.org\/index.php\/hochsensibilitaet\/#breadcrumb\"},\"inLanguage\":\"de\",\"potentialAction\":[{\"@type\":\"ReadAction\",\"target\":[\"https:\/\/derwegzudir.org\/index.php\/hochsensibilitaet\/\"]}]},{\"@type\":\"ImageObject\",\"inLanguage\":\"de\",\"@id\":\"https:\/\/derwegzudir.org\/index.php\/hochsensibilitaet\/#primaryimage\",\"url\":\"https:\/\/derwegzudir.org\/wp-content\/uploads\/2019\/03\/Happy-300x300.jpg\",\"contentUrl\":\"https:\/\/derwegzudir.org\/wp-content\/uploads\/2019\/03\/Happy-300x300.jpg\"},{\"@type\":\"BreadcrumbList\",\"@id\":\"https:\/\/derwegzudir.org\/index.php\/hochsensibilitaet\/#breadcrumb\",\"itemListElement\":[{\"@type\":\"ListItem\",\"position\":1,\"name\":\"Startseite\",\"item\":\"https:\/\/derwegzudir.org\/\"},{\"@type\":\"ListItem\",\"position\":2,\"name\":\"Hochsensibilit\u00e4t\"}]},{\"@type\":\"WebSite\",\"@id\":\"https:\/\/derwegzudir.org\/#website\",\"url\":\"https:\/\/derwegzudir.org\/\",\"name\":\"Der Weg zu Dir - Praxis von Detlef Deva Wallow\",\"description\":\"\",\"publisher\":{\"@id\":\"https:\/\/derwegzudir.org\/#organization\"},\"potentialAction\":[{\"@type\":\"SearchAction\",\"target\":{\"@type\":\"EntryPoint\",\"urlTemplate\":\"https:\/\/derwegzudir.org\/?s={search_term_string}\"},\"query-input\":{\"@type\":\"PropertyValueSpecification\",\"valueRequired\":true,\"valueName\":\"search_term_string\"}}],\"inLanguage\":\"de\"},{\"@type\":\"Organization\",\"@id\":\"https:\/\/derwegzudir.org\/#organization\",\"name\":\"Der Weg zu Dir - Praxis von Detlef Deva Wallow\",\"url\":\"https:\/\/derwegzudir.org\/\",\"logo\":{\"@type\":\"ImageObject\",\"inLanguage\":\"de\",\"@id\":\"https:\/\/derwegzudir.org\/#\/schema\/logo\/image\/\",\"url\":\"https:\/\/derwegzudir.org\/wp-content\/uploads\/2020\/02\/cropped-3-1.png\",\"contentUrl\":\"https:\/\/derwegzudir.org\/wp-content\/uploads\/2020\/02\/cropped-3-1.png\",\"width\":210,\"height\":126,\"caption\":\"Der Weg zu Dir - Praxis von Detlef Deva Wallow\"},\"image\":{\"@id\":\"https:\/\/derwegzudir.org\/#\/schema\/logo\/image\/\"}}]}<\/script>\n<!-- \/ Yoast SEO plugin. -->","yoast_head_json":{"title":"Hochsensibilit\u00e4t - Der Weg zu Dir - Praxis von Detlef Deva Wallow","description":"Sind SIe hochsensibel? - St\u00e4rkung und Strategien f\u00fcr den Alltag: So wird das Leben als hochsensibler Mensch leichter. Jetzt Termin vereinbaren!","robots":{"index":"index","follow":"follow","max-snippet":"max-snippet:-1","max-image-preview":"max-image-preview:large","max-video-preview":"max-video-preview:-1"},"canonical":"https:\/\/derwegzudir.org\/index.php\/hochsensibilitaet\/","og_locale":"de_DE","og_type":"article","og_title":"Hochsensibilit\u00e4t - Der Weg zu Dir - Praxis von Detlef Deva Wallow","og_description":"Sind SIe hochsensibel? - St\u00e4rkung und Strategien f\u00fcr den Alltag: So wird das Leben als hochsensibler Mensch leichter. Jetzt Termin vereinbaren!","og_url":"https:\/\/derwegzudir.org\/index.php\/hochsensibilitaet\/","og_site_name":"Der Weg zu Dir - Praxis von Detlef Deva Wallow","article_modified_time":"2019-06-05T09:24:51+00:00","og_image":[{"url":"https:\/\/derwegzudir.org\/wp-content\/uploads\/2019\/03\/Happy-300x300.jpg","type":"","width":"","height":""}],"twitter_card":"summary_large_image","twitter_misc":{"Gesch\u00e4tzte Lesezeit":"1\u00a0Minute"},"schema":{"@context":"https:\/\/schema.org","@graph":[{"@type":"WebPage","@id":"https:\/\/derwegzudir.org\/index.php\/hochsensibilitaet\/","url":"https:\/\/derwegzudir.org\/index.php\/hochsensibilitaet\/","name":"Hochsensibilit\u00e4t - Der Weg zu Dir - Praxis von Detlef Deva Wallow","isPartOf":{"@id":"https:\/\/derwegzudir.org\/#website"},"primaryImageOfPage":{"@id":"https:\/\/derwegzudir.org\/index.php\/hochsensibilitaet\/#primaryimage"},"image":{"@id":"https:\/\/derwegzudir.org\/index.php\/hochsensibilitaet\/#primaryimage"},"thumbnailUrl":"https:\/\/derwegzudir.org\/wp-content\/uploads\/2019\/03\/Happy-300x300.jpg","datePublished":"2019-03-05T13:41:25+00:00","dateModified":"2019-06-05T09:24:51+00:00","description":"Sind SIe hochsensibel? - St\u00e4rkung und Strategien f\u00fcr den Alltag: So wird das Leben als hochsensibler Mensch leichter. Jetzt Termin vereinbaren!","breadcrumb":{"@id":"https:\/\/derwegzudir.org\/index.php\/hochsensibilitaet\/#breadcrumb"},"inLanguage":"de","potentialAction":[{"@type":"ReadAction","target":["https:\/\/derwegzudir.org\/index.php\/hochsensibilitaet\/"]}]},{"@type":"ImageObject","inLanguage":"de","@id":"https:\/\/derwegzudir.org\/index.php\/hochsensibilitaet\/#primaryimage","url":"https:\/\/derwegzudir.org\/wp-content\/uploads\/2019\/03\/Happy-300x300.jpg","contentUrl":"https:\/\/derwegzudir.org\/wp-content\/uploads\/2019\/03\/Happy-300x300.jpg"},{"@type":"BreadcrumbList","@id":"https:\/\/derwegzudir.org\/index.php\/hochsensibilitaet\/#breadcrumb","itemListElement":[{"@type":"ListItem","position":1,"name":"Startseite","item":"https:\/\/derwegzudir.org\/"},{"@type":"ListItem","position":2,"name":"Hochsensibilit\u00e4t"}]},{"@type":"WebSite","@id":"https:\/\/derwegzudir.org\/#website","url":"https:\/\/derwegzudir.org\/","name":"Der Weg zu Dir - Praxis von Detlef Deva Wallow","description":"","publisher":{"@id":"https:\/\/derwegzudir.org\/#organization"},"potentialAction":[{"@type":"SearchAction","target":{"@type":"EntryPoint","urlTemplate":"https:\/\/derwegzudir.org\/?s={search_term_string}"},"query-input":{"@type":"PropertyValueSpecification","valueRequired":true,"valueName":"search_term_string"}}],"inLanguage":"de"},{"@type":"Organization","@id":"https:\/\/derwegzudir.org\/#organization","name":"Der Weg zu Dir - Praxis von Detlef Deva Wallow","url":"https:\/\/derwegzudir.org\/","logo":{"@type":"ImageObject","inLanguage":"de","@id":"https:\/\/derwegzudir.org\/#\/schema\/logo\/image\/","url":"https:\/\/derwegzudir.org\/wp-content\/uploads\/2020\/02\/cropped-3-1.png","contentUrl":"https:\/\/derwegzudir.org\/wp-content\/uploads\/2020\/02\/cropped-3-1.png","width":210,"height":126,"caption":"Der Weg zu Dir - Praxis von Detlef Deva Wallow"},"image":{"@id":"https:\/\/derwegzudir.org\/#\/schema\/logo\/image\/"}}]}},"_links":{"self":[{"href":"https:\/\/derwegzudir.org\/index.php\/wp-json\/wp\/v2\/pages\/314","targetHints":{"allow":["GET"]}}],"collection":[{"href":"https:\/\/derwegzudir.org\/index.php\/wp-json\/wp\/v2\/pages"}],"about":[{"href":"https:\/\/derwegzudir.org\/index.php\/wp-json\/wp\/v2\/types\/page"}],"author":[{"embeddable":true,"href":"https:\/\/derwegzudir.org\/index.php\/wp-json\/wp\/v2\/users\/1"}],"replies":[{"embeddable":true,"href":"https:\/\/derwegzudir.org\/index.php\/wp-json\/wp\/v2\/comments?post=314"}],"version-history":[{"count":6,"href":"https:\/\/derwegzudir.org\/index.php\/wp-json\/wp\/v2\/pages\/314\/revisions"}],"predecessor-version":[{"id":362,"href":"https:\/\/derwegzudir.org\/index.php\/wp-json\/wp\/v2\/pages\/314\/revisions\/362"}],"wp:attachment":[{"href":"https:\/\/derwegzudir.org\/index.php\/wp-json\/wp\/v2\/media?parent=314"}],"curies":[{"name":"wp","href":"https:\/\/api.w.org\/{rel}","templated":true}]}}