{"id":32,"date":"2015-05-05T13:22:34","date_gmt":"2015-05-05T11:22:34","guid":{"rendered":"http:\/\/derwegzudirwartung.de\/?page_id=32"},"modified":"2015-05-05T13:22:34","modified_gmt":"2015-05-05T11:22:34","slug":"alternative-schmerztherapie","status":"publish","type":"page","link":"https:\/\/derwegzudir.org\/index.php\/therapie\/alternative-schmerztherapie\/","title":{"rendered":"KIKA &#8211; K\u00f6rperorientiere Innere Kindarbeit"},"content":{"rendered":"<p>KIKA &#8211; K\u00f6rperorientierte Innere Kindarbeit<\/p>\n<p>Aus den verschiedensten Methoden und eigenen Erfahrungen hat sich mit der Zeit ein eigener Heilungsprozess herausgebildet. Ich habe ihn KIKA genannt und f\u00fchre mit ihm Menschen an die psychischen Ursachen ihrer k\u00f6rperlichen und emotionalen Blockaden. Der Verlauf ist folgenderma\u00dfen:<\/p>\n<p>das Gef\u00fchl\/der Schmerz wird wahrgenommen<br \/>\nJa sagen, zu dem, was ist, wenn nicht zu einem Schmerz, dann zu einer Wut auf ihn oder zu der sich auftuenden Hilflosigkeit<br \/>\ndie Botschaft des Gef\u00fchls erforschen<br \/>\nerfragen, welches Bed\u00fcrfnis von uns zu kurz kommt<br \/>\nan dieser Stelle geht es um die Annahme des verursachenden Gef\u00fchls (Inneres Kind) in Form eines inneren Familienstellens<br \/>\ndie Suche nach Wegen diese Bed\u00fcrfnisse zu stillen oder das Verst\u00e4ndnis und die Liebe zu erhalten, die wir brauchten<\/p>\n<p>Selbst, wenn Sie die Hoffnung auf Besserung oder Heilung schon fast aufgegeben haben, geben Sie sich noch einen Schubs und vereinbaren Sie einen Termin.<\/p>\n","protected":false},"excerpt":{"rendered":"<p>KIKA &#8211; K\u00f6rperorientierte Innere Kindarbeit Aus den verschiedensten Methoden und eigenen Erfahrungen hat sich mit der Zeit ein eigener Heilungsprozess herausgebildet. Ich habe ihn KIKA genannt und f\u00fchre mit ihm Menschen an die psychischen Ursachen ihrer k\u00f6rperlichen und emotionalen Blockaden. Der Verlauf ist folgenderma\u00dfen: das Gef\u00fchl\/der Schmerz wird wahrgenommen Ja sagen, zu dem, was ist,<\/p>\n<p><a href=\"https:\/\/derwegzudir.org\/index.php\/therapie\/alternative-schmerztherapie\/\" class=\"more-link\">Weiterlesen<\/a><\/p>\n","protected":false},"author":2,"featured_media":0,"parent":13,"menu_order":0,"comment_status":"open","ping_status":"closed","template":"","meta":{"footnotes":"","_links_to":"","_links_to_target":""},"class_list":["post-32","page","type-page","status-publish","hentry"],"yoast_head":"<!-- This site is optimized with the Yoast SEO plugin v27.1.1 - https:\/\/yoast.com\/product\/yoast-seo-wordpress\/ -->\n<title>KIKA - K\u00f6rperorientiere Innere Kindarbeit - Der Weg zu Dir - Praxis von Detlef Deva Wallow<\/title>\n<meta name=\"robots\" content=\"index, follow, max-snippet:-1, max-image-preview:large, max-video-preview:-1\" \/>\n<link rel=\"canonical\" href=\"https:\/\/derwegzudir.org\/index.php\/therapie\/alternative-schmerztherapie\/\" \/>\n<meta property=\"og:locale\" content=\"de_DE\" \/>\n<meta property=\"og:type\" content=\"article\" \/>\n<meta property=\"og:title\" content=\"KIKA - K\u00f6rperorientiere Innere Kindarbeit - Der Weg zu Dir - Praxis von Detlef Deva Wallow\" \/>\n<meta property=\"og:description\" content=\"KIKA &#8211; K\u00f6rperorientierte Innere Kindarbeit Aus den verschiedensten Methoden und eigenen Erfahrungen hat sich mit der Zeit ein eigener Heilungsprozess herausgebildet. Ich habe ihn KIKA genannt und f\u00fchre mit ihm Menschen an die psychischen Ursachen ihrer k\u00f6rperlichen und emotionalen Blockaden. Der Verlauf ist folgenderma\u00dfen: das Gef\u00fchl\/der Schmerz wird wahrgenommen Ja sagen, zu dem, was ist,Weiterlesen\" \/>\n<meta property=\"og:url\" content=\"https:\/\/derwegzudir.org\/index.php\/therapie\/alternative-schmerztherapie\/\" \/>\n<meta property=\"og:site_name\" content=\"Der Weg zu Dir - Praxis von Detlef Deva Wallow\" \/>\n<meta name=\"twitter:card\" content=\"summary_large_image\" \/>\n<meta name=\"twitter:label1\" content=\"Gesch\u00e4tzte Lesezeit\" \/>\n\t<meta name=\"twitter:data1\" content=\"1\u00a0Minute\" \/>\n<script type=\"application\/ld+json\" class=\"yoast-schema-graph\">{\"@context\":\"https:\/\/schema.org\",\"@graph\":[{\"@type\":\"WebPage\",\"@id\":\"https:\/\/derwegzudir.org\/index.php\/therapie\/alternative-schmerztherapie\/\",\"url\":\"https:\/\/derwegzudir.org\/index.php\/therapie\/alternative-schmerztherapie\/\",\"name\":\"KIKA - K\u00f6rperorientiere Innere Kindarbeit - Der Weg zu Dir - Praxis von Detlef Deva Wallow\",\"isPartOf\":{\"@id\":\"https:\/\/derwegzudir.org\/#website\"},\"datePublished\":\"2015-05-05T11:22:34+00:00\",\"breadcrumb\":{\"@id\":\"https:\/\/derwegzudir.org\/index.php\/therapie\/alternative-schmerztherapie\/#breadcrumb\"},\"inLanguage\":\"de\",\"potentialAction\":[{\"@type\":\"ReadAction\",\"target\":[\"https:\/\/derwegzudir.org\/index.php\/therapie\/alternative-schmerztherapie\/\"]}]},{\"@type\":\"BreadcrumbList\",\"@id\":\"https:\/\/derwegzudir.org\/index.php\/therapie\/alternative-schmerztherapie\/#breadcrumb\",\"itemListElement\":[{\"@type\":\"ListItem\",\"position\":1,\"name\":\"Startseite\",\"item\":\"https:\/\/derwegzudir.org\/\"},{\"@type\":\"ListItem\",\"position\":2,\"name\":\"Psychologische Beratung\",\"item\":\"https:\/\/derwegzudir.org\/index.php\/therapie\/\"},{\"@type\":\"ListItem\",\"position\":3,\"name\":\"KIKA &#8211; K\u00f6rperorientiere Innere Kindarbeit\"}]},{\"@type\":\"WebSite\",\"@id\":\"https:\/\/derwegzudir.org\/#website\",\"url\":\"https:\/\/derwegzudir.org\/\",\"name\":\"Der Weg zu Dir - Praxis von Detlef Deva Wallow\",\"description\":\"\",\"publisher\":{\"@id\":\"https:\/\/derwegzudir.org\/#organization\"},\"potentialAction\":[{\"@type\":\"SearchAction\",\"target\":{\"@type\":\"EntryPoint\",\"urlTemplate\":\"https:\/\/derwegzudir.org\/?s={search_term_string}\"},\"query-input\":{\"@type\":\"PropertyValueSpecification\",\"valueRequired\":true,\"valueName\":\"search_term_string\"}}],\"inLanguage\":\"de\"},{\"@type\":\"Organization\",\"@id\":\"https:\/\/derwegzudir.org\/#organization\",\"name\":\"Der Weg zu Dir - Praxis von Detlef Deva Wallow\",\"url\":\"https:\/\/derwegzudir.org\/\",\"logo\":{\"@type\":\"ImageObject\",\"inLanguage\":\"de\",\"@id\":\"https:\/\/derwegzudir.org\/#\/schema\/logo\/image\/\",\"url\":\"https:\/\/derwegzudir.org\/wp-content\/uploads\/2020\/02\/cropped-3-1.png\",\"contentUrl\":\"https:\/\/derwegzudir.org\/wp-content\/uploads\/2020\/02\/cropped-3-1.png\",\"width\":210,\"height\":126,\"caption\":\"Der Weg zu Dir - Praxis von Detlef Deva Wallow\"},\"image\":{\"@id\":\"https:\/\/derwegzudir.org\/#\/schema\/logo\/image\/\"}}]}<\/script>\n<!-- \/ Yoast SEO plugin. -->","yoast_head_json":{"title":"KIKA - K\u00f6rperorientiere Innere Kindarbeit - Der Weg zu Dir - Praxis von Detlef Deva Wallow","robots":{"index":"index","follow":"follow","max-snippet":"max-snippet:-1","max-image-preview":"max-image-preview:large","max-video-preview":"max-video-preview:-1"},"canonical":"https:\/\/derwegzudir.org\/index.php\/therapie\/alternative-schmerztherapie\/","og_locale":"de_DE","og_type":"article","og_title":"KIKA - K\u00f6rperorientiere Innere Kindarbeit - Der Weg zu Dir - Praxis von Detlef Deva Wallow","og_description":"KIKA &#8211; K\u00f6rperorientierte Innere Kindarbeit Aus den verschiedensten Methoden und eigenen Erfahrungen hat sich mit der Zeit ein eigener Heilungsprozess herausgebildet. Ich habe ihn KIKA genannt und f\u00fchre mit ihm Menschen an die psychischen Ursachen ihrer k\u00f6rperlichen und emotionalen Blockaden. Der Verlauf ist folgenderma\u00dfen: das Gef\u00fchl\/der Schmerz wird wahrgenommen Ja sagen, zu dem, was ist,Weiterlesen","og_url":"https:\/\/derwegzudir.org\/index.php\/therapie\/alternative-schmerztherapie\/","og_site_name":"Der Weg zu Dir - Praxis von Detlef Deva Wallow","twitter_card":"summary_large_image","twitter_misc":{"Gesch\u00e4tzte Lesezeit":"1\u00a0Minute"},"schema":{"@context":"https:\/\/schema.org","@graph":[{"@type":"WebPage","@id":"https:\/\/derwegzudir.org\/index.php\/therapie\/alternative-schmerztherapie\/","url":"https:\/\/derwegzudir.org\/index.php\/therapie\/alternative-schmerztherapie\/","name":"KIKA - K\u00f6rperorientiere Innere Kindarbeit - Der Weg zu Dir - Praxis von Detlef Deva Wallow","isPartOf":{"@id":"https:\/\/derwegzudir.org\/#website"},"datePublished":"2015-05-05T11:22:34+00:00","breadcrumb":{"@id":"https:\/\/derwegzudir.org\/index.php\/therapie\/alternative-schmerztherapie\/#breadcrumb"},"inLanguage":"de","potentialAction":[{"@type":"ReadAction","target":["https:\/\/derwegzudir.org\/index.php\/therapie\/alternative-schmerztherapie\/"]}]},{"@type":"BreadcrumbList","@id":"https:\/\/derwegzudir.org\/index.php\/therapie\/alternative-schmerztherapie\/#breadcrumb","itemListElement":[{"@type":"ListItem","position":1,"name":"Startseite","item":"https:\/\/derwegzudir.org\/"},{"@type":"ListItem","position":2,"name":"Psychologische Beratung","item":"https:\/\/derwegzudir.org\/index.php\/therapie\/"},{"@type":"ListItem","position":3,"name":"KIKA &#8211; K\u00f6rperorientiere Innere Kindarbeit"}]},{"@type":"WebSite","@id":"https:\/\/derwegzudir.org\/#website","url":"https:\/\/derwegzudir.org\/","name":"Der Weg zu Dir - Praxis von Detlef Deva Wallow","description":"","publisher":{"@id":"https:\/\/derwegzudir.org\/#organization"},"potentialAction":[{"@type":"SearchAction","target":{"@type":"EntryPoint","urlTemplate":"https:\/\/derwegzudir.org\/?s={search_term_string}"},"query-input":{"@type":"PropertyValueSpecification","valueRequired":true,"valueName":"search_term_string"}}],"inLanguage":"de"},{"@type":"Organization","@id":"https:\/\/derwegzudir.org\/#organization","name":"Der Weg zu Dir - Praxis von Detlef Deva Wallow","url":"https:\/\/derwegzudir.org\/","logo":{"@type":"ImageObject","inLanguage":"de","@id":"https:\/\/derwegzudir.org\/#\/schema\/logo\/image\/","url":"https:\/\/derwegzudir.org\/wp-content\/uploads\/2020\/02\/cropped-3-1.png","contentUrl":"https:\/\/derwegzudir.org\/wp-content\/uploads\/2020\/02\/cropped-3-1.png","width":210,"height":126,"caption":"Der Weg zu Dir - Praxis von Detlef Deva Wallow"},"image":{"@id":"https:\/\/derwegzudir.org\/#\/schema\/logo\/image\/"}}]}},"_links":{"self":[{"href":"https:\/\/derwegzudir.org\/index.php\/wp-json\/wp\/v2\/pages\/32","targetHints":{"allow":["GET"]}}],"collection":[{"href":"https:\/\/derwegzudir.org\/index.php\/wp-json\/wp\/v2\/pages"}],"about":[{"href":"https:\/\/derwegzudir.org\/index.php\/wp-json\/wp\/v2\/types\/page"}],"author":[{"embeddable":true,"href":"https:\/\/derwegzudir.org\/index.php\/wp-json\/wp\/v2\/users\/2"}],"replies":[{"embeddable":true,"href":"https:\/\/derwegzudir.org\/index.php\/wp-json\/wp\/v2\/comments?post=32"}],"version-history":[{"count":0,"href":"https:\/\/derwegzudir.org\/index.php\/wp-json\/wp\/v2\/pages\/32\/revisions"}],"up":[{"embeddable":true,"href":"https:\/\/derwegzudir.org\/index.php\/wp-json\/wp\/v2\/pages\/13"}],"wp:attachment":[{"href":"https:\/\/derwegzudir.org\/index.php\/wp-json\/wp\/v2\/media?parent=32"}],"curies":[{"name":"wp","href":"https:\/\/api.w.org\/{rel}","templated":true}]}}