{"id":34,"date":"2015-05-05T13:23:35","date_gmt":"2015-05-05T11:23:35","guid":{"rendered":"http:\/\/derwegzudirwartung.de\/?page_id=34"},"modified":"2015-05-05T13:23:35","modified_gmt":"2015-05-05T11:23:35","slug":"referenzen","status":"publish","type":"page","link":"https:\/\/derwegzudir.org\/index.php\/referenzen\/","title":{"rendered":"Referenzen"},"content":{"rendered":"<p><strong>Einschlafprobleme und mehr von Kleinkindern<\/strong><\/p>\n<p>Dass \u201eErziehen\u201c nichts mit dem Ein\u00fcben oder Abgew\u00f6hnen von (un)erw\u00fcnschten Verhaltensweisen zu tun hat, hatte ich vor einigen Jahren schon von meinem Hund gelernt, der mit meiner auf vielen \u00dcbungen basierenden Erziehung nichts anfangen konnte und auf den ich mich erst richtig verlassen konnte, nachdem ich mich entschieden hatte, wirklich seine \u201eRudelf\u00fchrerin\u201c zu sein.<\/p>\n<p>In letzter Zeit habe ich mich in verschiedenen Sitzungen mit Deva mit Konflikten und Problemsituationen auseinandergesetzt, die im Alltag mit meinen beiden kleinen Kindern aufgetreten sind, und dabei mehrmals auf sehr beeindruckende Weise erfahren, wie sich eine klare innere Haltung auf die \u201eErziehung\u201c von Kindern auswirkt bzw. wie eine Einstellungs\u00e4nderung zu einem ver\u00e4nderten Verhalten von Kindern f\u00fchren kann. So hat sich beispielsweise ein f\u00fcr mich extrem belastendes \u201eSchlaf-Problem\u201c meiner Tochter fast wie von selbst gel\u00f6st.<\/p>\n<p>Die Situation sah f\u00fcr mich so aus: Meine 1,5 Jahre alte Tochter hatte seit ihrer Geburt so gut wie in keiner Nacht mehr als 3 Stunden am St\u00fcck geschlafen. Die erste Nachth\u00e4lfte verbrachte sie in der Regel in ihrem Bett, danach konnte ich sie nach den Mahlzeiten meistens nicht wieder dorthin zur\u00fccklegen, sondern sie schlief dann in meinem Bett \u2013 neben mir, an mich gekuschelt oder auch auf mir liegend. Da ich mittlerweile meine Arbeit wieder aufgenommen hatte und tags\u00fcber fit sein musste, wurde dieses Verhalten f\u00fcr mich zunehmend zum Problem. Devas erste Reaktion auf meine Schilderung des \u201eSchlaf-Problems\u201c war f\u00fcr mich \u00fcberraschend: \u201eWillst du das Kind nicht endlich mal in Ruhe schlafen lassen?!\u201c \u2013 <\/p>\n<p>Die Erkenntnis, dass in der Tat ICH und nicht meine Tochter der Schl\u00fcssel war, stellte sich bei mir nicht sofort ein. Dass ein Kind in dem Alter nat\u00fcrlich nicht verhungert, wenn es nachts mehr als drei Stunden ohne Milch auskommen muss und sich im Gitterbett direkt neben mir wahrscheinlich auch nicht allein oder im Stich gelassen f\u00fchlt, war sicherlich keine gro\u00dfe Neuigkeit f\u00fcr mich. Umso erstaunlicher war, dass meine Tochter direkt in der folgenden Nacht allein in ihrem Bett schlief. \u201eEs ist noch zu fr\u00fch f\u00fcr Milch\u201c reichte, damit sie sich ganz schnell beruhigte und wieder schlafen legte. <\/p>\n<p>Ich hatte es nach der Sitzung mit Deva geschafft, die Gef\u00fchle, die das weinende Kind bei mir ausl\u00f6ste, nicht mehr automatisch mit denen meiner Tochter gleichzusetzen, sodass ich ihr offenbar mit viel gr\u00f6\u00dferer Souver\u00e4nit\u00e4t vermitteln konnte, dass die Situation so wirklich ok war. Es folgten einige weitere N\u00e4chte, in denen sie meine neue Haltung mehr oder weniger vehement auf die Probe stellte und schlie\u00dflich die Erkenntnis, dass die L\u00f6sung wirklich so \u201eeinfach\u201c gewesen war. F\u00fcr die auf diese Weise zur\u00fcckgewonnene und nun schon selbstverst\u00e4ndlich gewordene Nachtruhe bin ich Deva sehr dankbar.<\/p>\n<p>Die gleiche Erfahrung konnte ich machen, als es darum ging das meine Tochter allein bei der Tagesmutter blieb. Obwohl ich mehrere Tage mit ihr zusammen dort war, konnte ich nicht mal das Zimmer verlassen ohne, dass sie zu schreien begann. Als ich mit Deva meine bei ihrer Geburt aufgekommene \u00dcberzeugung &#8222;Sie schafft es nicht.&#8220; bearbeitete, konnte ich am n\u00e4chsten Tag ohne Probleme die Wohnung ihrer Tagesmutter verlassen.<br \/>\nMittlerweile kann ich sehen, dass eine \u201eunaufger\u00e4umte\u201c Gef\u00fchlswelt meinerseits entsprechend auch dazu f\u00fchren kann, dass meine Tochter wieder h\u00e4ufiger und l\u00e4nger weint. Ich habe dann die M\u00f6glichkeit, meine Einstellung zu korrigieren anstatt das \u201eProblem\u201c meiner Tochter zuzuschreiben \u2013 und es klappt meistens!<\/p>\n<p>&nbsp;<\/p>\n<p><strong>Der verlorene Zwilling<\/strong><\/p>\n<p>Mein Name ist Mechthild, ich bin 48J. alt und habe mich mit dem Thema \u201eDer verlorene Zwilling\u201c schon l\u00e4nger herumgeschlagen.<br \/>\nUnerf\u00fcllte Sehnsucht, auf der ewigen Suche sein und Einsamkeit, selbst in Beziehungen, bestimmten mein Leben. Durch meine Internetrecherche bin ich auf einen Bericht von Deva zu diesem Thema gesto\u00dfen.<br \/>\nBereits in der ersten Sitzung bei ihm lernte ich meinen verlorenen Bruder kennen und konnte das erste mal durch meinen Schmerz hindurch gehen. Ich konnte seine Gegenwart sp\u00fcren und seine Liebe zu mir.<br \/>\nWas sich aber in der n\u00e4chsten Zeit danach ver\u00e4nderte war schier unglaublich. Zuerst sp\u00fcrte ich, dass diese unsagbare Sehnsucht nachlie\u00df. Ich f\u00fchlte Ganzheit, wo ich mich vorher nur halb wahrgenommen hatte. Endlich kann ich sch\u00f6ne Momente auch als solche genie\u00dfen. Das was immer zu fehlen schien war jetzt da. Auch das Einsamkeitsgef\u00fchl, was ich selbst in Gesellschaft empfand, hatte sich aufgel\u00f6st. Ich bemerkte weiterhin, dass sich mein Verhalten in bestimmten Situationen ver\u00e4ndert hatte, so dass ich mich fragte, ob ich das wirklich bin. Das war so ein unglaubliches Gef\u00fchl, ich kann es mit Worten nicht beschreiben. Ich bin dankbar daf\u00fcr, denn es hat mein Leben wirklich ver\u00e4ndert.<\/p>\n<p>&nbsp;<\/p>\n<p><strong>Der Weg zu Mir, der Weg zum Wir und Ohrensausen ade<\/strong><\/p>\n<p>Paarberatung, berufliches Coaching und eine Behandlung eines jahrzehntelangen Ohrensausens. Und alles irgendwie im Fluge und ganz nebenbei.<br \/>\nTherapie! F\u00fcrterlich, klingt gleich so krank. Und dann kam eine wunderbar einf\u00fchlsame und verst\u00e4ndliche Beratung, die mir zeigte, dass auch letztlich sehr sch\u00e4dliches Verhalten irgendwie ganz normal sein kann. Vor allem aber beeinflu\u00dfbar ist. Sehr schnell wurde mir klar, wie viele Dinge in meinem Leben sich verselbst\u00e4ndigt haben und mit den verschiedensten Lebensbereichen verk\u00fcpft sind, ohne dass ich diese selbst noch wahrnehmen konnte. Quasie blinde Flecken, wie ich es nennen w\u00fcrde. Die machen nicht unbedingt unzufrieden. Aber m\u00f6glicherweise nur deshalb, weil es eben blinde Flecken sind.<\/p>\n<p>Vielen Dank, Herr Wallow, dass Sie das mir innewohnende Selbstbewusstsein und die St\u00e4rke gezeigt haben, mich diesen Gef\u00fchlen zu stellen! Es ist sch\u00f6n, zu erleben, dass ich Gef\u00fchle ausdr\u00fccken kann und darf, dass ich dann immer noch wertgesch\u00e4tzt werde und dass ich damit ein anderes &#8211; ein inneres &#8211; Gef\u00fchl von St\u00e4rke und Selbstwahrnehmung erfahren darf.<\/p>\n<p>Sich trauen sich verletztlich zu machen, hei\u00dft in meinem Fall glaubhaft Sympathie, Leidenschaft und Liebe zu vermitteln. Mit diesen Gef\u00fchlen geh\u00f6rt und wahrgenommen zu werden, ist etwas Neues f\u00fcr mich. Nicht immer nur ruhig, ausgeglichen, souvereign zu sein.<br \/>\nIch arbeite in einem schwierigen Beruf, umgeben von Trauer, \u00c4ngsten, Hass und Wut &#8230; und anderen starken, manchmal dominierenden Gef\u00fchlen, wo es zuweilen schwer f\u00e4llt den richtigen Ton, das richtige Wort, manchmal \u00fcberhaupt eine gemeinsame Basis zu finden. Heute bin authentischer, sicherer geworden. Und es ist leichter.<br \/>\nZum Schluss wollte Herr Wallow mein Ohrensausen, an das ich mich seit Jahrzehnten l\u00e4ngst gew\u00f6hnt hatte, nicht ohne einen Versuch darauf Einfluss zu nehmen, akzeptieren. Ich lie\u00df ihn skeptisch gew\u00e4hren. Heute, etwa vier Monate sp\u00e4ter, bin ich wie am ersten Tag in der Lage dieses Ohrensausen als einen Ruf nach Aufmerksamkeit anzunehmen. Nach kurzer Besinnung, mit einer ganz besonderen aber ebenso einfachenTechnik, verfl\u00fcchtigt sich das Sausen und es ist Ruhe. Ein Zustand, der lange fremd war.<\/p>\n<p>Es gibt bestimmt noch viele blinde Fleckchen, einen bestimmt noch aufrechteren Gang und mit Sicherheit ein paar Erfolge, die das Leben sch\u00f6ner machen. Ich freue mich auf die Fortsetzung des Coachings. A. K. M\u00fcnsterland<\/p>\n<p>&nbsp;<\/p>\n<p><strong>R\u00fcckenschmerzen ade!<\/strong><\/p>\n<p>Ich hatte vor einigen Wochen pl\u00f6tzlich starke R\u00fcckenschmerzen, die mich ziemlich &#8222;lahm gelegt&#8220; haben. Nach einer \u00e4rztlichen Untersuchung und einer R\u00f6ntgenaufnahme, wurde mir manuelle Therapie und Krankengymnastik verschrieben. Anf\u00e4nglich waren die Schmerzen auch weg bzw. nicht mehr so stark. Doch nach nur zwei Wochen kamen sie zur\u00fcck. Eine nochmalige Einrenkung kam f\u00fcr mich nicht in Frage. Dank Deva Wallow konnte ich mir helfen. Zusammen mit ihm bin ich der Ursache f\u00fcr meine psychosomatischen R\u00fcckenschmerzen auf den Grund gegangen und habe herausgefunden, was mir mein K\u00f6rper sagen wollte.<\/p>\n<p>In den zwei Sitzungen lenkte er meine Aufmerksamkeit einf\u00fchlsam und verst\u00e4ndlich auf meinen K\u00f6rper und insbesondere auf die, wie er es ausdr\u00fcckt, &#8222;nach Aufmerksamkeit schreienden Stellen&#8220;. Durch seine Fragen gelang es mir, in mich hineinzuhorchen und in eine Art Dialog mit meinem K\u00f6rper zu treten. Meine Reaktionen auf die daraus resultierenden Erkenntnisse waren f\u00fcr mich sehr neu, bewegend und letztlich heilend. Da hatte sich einiges aufgestaut. Mir ist nun klar, worauf ich k\u00fcnftig achten will und werde. Ich hatte mir und meinem K\u00f6rper \u00fcber einen l\u00e4ngeren Zeitraum zu viel zugemutet. Jetzt bin ich sehr zuversichtlich, k\u00fcnftig wieder gelassener zu sein, Verantwortung abzugeben und mehr um Unterst\u00fctzung zu bitten.<\/p>\n<p>Ich nutze die M\u00f6glichkeit einer weiteren telefonischen Beratung, die mir dabei hilft, an meinem Thema &#8222;mir immer wieder zu viel auf die Schulter zu packen&#8220; dranzubleiben.<\/p>\n<p>Ich bin Herrn Wallow f\u00fcr seine Hilfe sehr dankbar. Die Zusammenarbeit mit ihm war und ist eine neue und wegweisende Erfahrung f\u00fcr mich, die ich nicht mehr vermissen m\u00f6chte.<\/p>\n<p>Simone W. aus Bocholt<\/p>\n<p>&nbsp;<\/p>\n<p><strong>Schulterschmerzen und Flugangst<\/strong><\/p>\n<p>Meine langj\u00e4hrigen Schulterschmerzen, auf die keine der bisher versuchten Behandlungsmethoden angeschlagen hatten, f\u00fchrten mich dazu, es doch mal mit einer Sitzung bei Deva Wallow zu versuchen, also mit Atemtherapie und verschiedenen einflie\u00dfenden Ans\u00e4tzen.<\/p>\n<p>Endlich wurde nun nicht mehr an mir herummassiert, gedr\u00fcckt, gerenkt, die Haltung und die Motorik kritisiert.<\/p>\n<p>Der Therapeut brachte mich durch verbale Anregungen einfach nur dazu, mit dem Symptom freundlich in Kontakt zu treten.<br \/>\nWir kamen innerhalb nur einer Sitzung so weit, dass ich sp\u00fcren konnte, wof\u00fcr bei mir dieser Schmerz stand und herausf\u00fchlen konnte, was es braucht, damit ich wieder zu meiner Ausgewogenheit finden kann.<\/p>\n<p>Nicht nur, dass mich in den darauf folgenden Tagen mein Schmerz, bis auf winzige Erinnerungen, mit denen ich nun sofort umgehen kann, v\u00f6llig verlassen hat; auch habe ich in einer weiteren Sitzungen meine Flugangst innerhalb einer Stunde bew\u00e4ltigt und konnte entspannt meinen 25 st\u00fcndigen Flug in den Urlaub antreten.<\/p>\n<p>Christiane B. Erzieherin aus Rheine<\/p>\n<p>&nbsp;<\/p>\n<p><strong>Der Weg zu mir<\/strong><\/p>\n<p>Mit der Auseinandersetzung: Welcher Weg ist der Richtige f\u00fcr mich, um mir meine neue berufliche Zukunft zu gestalten und aufzubauen, ging ich zu Deva Wallow. Mit dieser Frage stand ich unter einem enormen zeitlichen und finanziellen Druck.<\/p>\n<p>Was f\u00fchlt sich in deinem K\u00f6rper auff\u00e4llig an? Wo tut es evtl. weh? Was ist anders als sonst? Mit diesen Fragen f\u00fchrte mich Deva Wallow zu mir selbst, in dem ich mir Zeit nahm die Signale meines K\u00f6rpers wahrzunehmen und vor allem sie &#8222;dankend anzunehmen&#8220;.<\/p>\n<p>Die Signale in meinem K\u00f6rper ver\u00e4nderten sich im Laufe der Sitzung und verschwanden fast g\u00e4nzlich &#8211; nicht ganz \u2013 und es passierte etwas ganz wunderbares. Ich bekam Zugang zu meinem &#8220; Inneren Kind&#8220;. Ich wusste, dass es das &#8222;Innere Kind&#8220; in jedem Menschen gibt, hatte es in mir selber aber eher verdr\u00e4ngt.<\/p>\n<p>Mit Hilfe von Herrn Wallow bekam ich Zugang zu ihm. Diese Erfahrung ist sehr wertvoll f\u00fcr mich, denn mit dem Wahrnehmen und Ernstnehmen meines Inneren Kindes, mit seinen Gef\u00fchlen und das was es mir sagen will, nehme ich mich nun selber ernster. Es macht mich &#8222;Ganz&#8220; und verleiht mir ein Gef\u00fchl eigener Wertsch\u00e4tzung und Eigenliebe.<\/p>\n<p>Ich habe eine Antwort auf meine Frage bekommen und es wird sicherlich nicht die Letzte sein. Danke Herr Wallow<\/p>\n<p>Stefanie R. M\u00fcnsterland<\/p>\n<p>&nbsp;<\/p>\n<p><strong>Heilungsprozess im Knie<\/strong><\/p>\n<p>Der Heilungsprozess mit meinem Knie stagnierte. Durch die Arbeit mit Deva Wallow, habe ich der Heilung so zu sagen den Startschuss gegeben. Das beinhaltete das Annehmen von dem, weshalb es zur der Verletzung gekommen ist und die Akzeptanz der damit verbundenen Verantwortung. Auch &#8222;Knie sind sensibel&#8220;, wie ich erfahren habe und haben Bed\u00fcrfnisse. Diese nun zu erf\u00fcllen ist mir eine Freude und der Heilungsprozess schreitet langsam und vor allem stetig voran. Er stockt, wenn ich wieder in alte Muster verfalle. Doch nun habe ich den Schl\u00fcssel selbst in der Hand, wie es weitergeht.<br \/>\nIch danke Ihnen f\u00fcr meinen neuen stetigen und \u201eaufrechten\u201c Gang und Ihre vertrauensvolle Arbeit mit mir.<\/p>\n<p>Elke S. Warendorf<\/p>\n<p>&nbsp;<\/p>\n<p><strong>Habe mich endlich gefunden<\/strong><\/p>\n<p>Er lie\u00df mich verharren in meinem rechten Fu\u00df, der mich mit leichten spastischen L\u00e4hmungserscheinungen begleitet, seit meinem Verkehrsunfall 1996 (Folge: Hirnblutung und Ged\u00e4chtnisverlust). Ich sah mich um und h\u00f6rte genauer hin; mir begegnete etwas, was weinend um Trost und Anerkennung bat. Dabei hatte ich doch so lange und hart mit mir gerungen, ich hatte gelernt und akzeptiert, mit meinen neuen Grenzen einigerma\u00dfen zufriedenstellend weiter zu leben.<\/p>\n<p>Jetzt sagte mir eine innere Stimme, die wohl das \u201eInnere Kind\u201c genannt wird: \u201eIch hab mich so allein gef\u00fchlt, niemand war bei mir, hat mich getr\u00f6stet, als sich alles so sehr ver\u00e4ndert hat! Du hast mich vorher nie beachtet, hast f\u00fcr dich selbst das Leben, viele Weisheiten und Formeln gelernt, hast mich dabei nicht rufen geh\u00f6rt, hast mich nie an die Hand oder in deine Arme genommen, bist allein verschiedene Wege gegangen!\u201c<\/p>\n<p>HALLO?!? Verwunderung und W\u00e4rme stiegen in mir auf. Da bist Du, das bin Ich also auch, dass war ich ja schon immer. Jetzt endlich kann ich Dich in meine Arme nehmen und wir verschmelzen zu einem ICH.<\/p>\n<p>Diese Begegnung hatte ich vor ca. 2 Wochen \u2013 f\u00fchle mich nach einer langen und anstrengenden Suche erleichtert und befreit \u2013 aber ich schwebe nicht. Meine spastischen Erscheinungen werden mich wohl auch weiterhin manchmal plagen. Meinen Alltag lerne ich jetzt, ruhiger zu er-leben, nicht st\u00e4ndig in Erwartung und auf der Suche nach meinem inneren Heil, nach meiner Ganzwerdung.<\/p>\n<p>Seit der Begegnung mit Deva Wallow gehe ich einen Weg, von dem ich schon lange etwas ahnte, von dem ich jedoch nicht vermutet hatte, dass er schon immer in mir angelegt war. Purzelb\u00e4ume vor Freude k\u00f6nnte ich jetzt schlagen, meine Gef\u00fchle k\u00f6nnten Achterbahn fahren, meine fr\u00fchere Neugier, meine umsichtige Sehnsucht weichen einem achtsamen, noch vorsichtigen Schreiten.<br \/>\nIch habe Achtung und sage DANKE, dass Sie mir die Augen f\u00fcr mich selbst ge\u00f6ffnet, dass Sie mich zu mir gef\u00fchrt haben.<\/p>\n<p>Barbara H. M\u00fcnsterland<\/p>\n","protected":false},"excerpt":{"rendered":"<p>Einschlafprobleme und mehr von Kleinkindern Dass \u201eErziehen\u201c nichts mit dem Ein\u00fcben oder Abgew\u00f6hnen von (un)erw\u00fcnschten Verhaltensweisen zu tun hat, hatte ich vor einigen Jahren schon von meinem Hund gelernt, der mit meiner auf vielen \u00dcbungen basierenden Erziehung nichts anfangen konnte und auf den ich mich erst richtig verlassen konnte, nachdem ich mich entschieden hatte, wirklich<\/p>\n<p><a href=\"https:\/\/derwegzudir.org\/index.php\/referenzen\/\" class=\"more-link\">Weiterlesen<\/a><\/p>\n","protected":false},"author":2,"featured_media":0,"parent":0,"menu_order":0,"comment_status":"open","ping_status":"closed","template":"","meta":{"footnotes":"","_links_to":"","_links_to_target":""},"class_list":["post-34","page","type-page","status-publish","hentry"],"yoast_head":"<!-- This site is optimized with the Yoast SEO plugin v27.1.1 - https:\/\/yoast.com\/product\/yoast-seo-wordpress\/ -->\n<title>Referenzen - Der Weg zu Dir - Praxis von Detlef Deva Wallow<\/title>\n<meta name=\"robots\" content=\"index, follow, max-snippet:-1, max-image-preview:large, max-video-preview:-1\" \/>\n<link rel=\"canonical\" href=\"https:\/\/derwegzudir.org\/index.php\/referenzen\/\" \/>\n<meta property=\"og:locale\" content=\"de_DE\" \/>\n<meta property=\"og:type\" content=\"article\" \/>\n<meta property=\"og:title\" content=\"Referenzen - Der Weg zu Dir - Praxis von Detlef Deva Wallow\" \/>\n<meta property=\"og:description\" content=\"Einschlafprobleme und mehr von Kleinkindern Dass \u201eErziehen\u201c nichts mit dem Ein\u00fcben oder Abgew\u00f6hnen von (un)erw\u00fcnschten Verhaltensweisen zu tun hat, hatte ich vor einigen Jahren schon von meinem Hund gelernt, der mit meiner auf vielen \u00dcbungen basierenden Erziehung nichts anfangen konnte und auf den ich mich erst richtig verlassen konnte, nachdem ich mich entschieden hatte, wirklichWeiterlesen\" \/>\n<meta property=\"og:url\" content=\"https:\/\/derwegzudir.org\/index.php\/referenzen\/\" \/>\n<meta property=\"og:site_name\" content=\"Der Weg zu Dir - Praxis von Detlef Deva Wallow\" \/>\n<meta name=\"twitter:card\" content=\"summary_large_image\" \/>\n<meta name=\"twitter:label1\" content=\"Gesch\u00e4tzte Lesezeit\" \/>\n\t<meta name=\"twitter:data1\" content=\"12\u00a0Minuten\" \/>\n<script type=\"application\/ld+json\" class=\"yoast-schema-graph\">{\"@context\":\"https:\/\/schema.org\",\"@graph\":[{\"@type\":\"WebPage\",\"@id\":\"https:\/\/derwegzudir.org\/index.php\/referenzen\/\",\"url\":\"https:\/\/derwegzudir.org\/index.php\/referenzen\/\",\"name\":\"Referenzen - Der Weg zu Dir - Praxis von Detlef Deva Wallow\",\"isPartOf\":{\"@id\":\"https:\/\/derwegzudir.org\/#website\"},\"datePublished\":\"2015-05-05T11:23:35+00:00\",\"breadcrumb\":{\"@id\":\"https:\/\/derwegzudir.org\/index.php\/referenzen\/#breadcrumb\"},\"inLanguage\":\"de\",\"potentialAction\":[{\"@type\":\"ReadAction\",\"target\":[\"https:\/\/derwegzudir.org\/index.php\/referenzen\/\"]}]},{\"@type\":\"BreadcrumbList\",\"@id\":\"https:\/\/derwegzudir.org\/index.php\/referenzen\/#breadcrumb\",\"itemListElement\":[{\"@type\":\"ListItem\",\"position\":1,\"name\":\"Startseite\",\"item\":\"https:\/\/derwegzudir.org\/\"},{\"@type\":\"ListItem\",\"position\":2,\"name\":\"Referenzen\"}]},{\"@type\":\"WebSite\",\"@id\":\"https:\/\/derwegzudir.org\/#website\",\"url\":\"https:\/\/derwegzudir.org\/\",\"name\":\"Der Weg zu Dir - Praxis von Detlef Deva Wallow\",\"description\":\"\",\"publisher\":{\"@id\":\"https:\/\/derwegzudir.org\/#organization\"},\"potentialAction\":[{\"@type\":\"SearchAction\",\"target\":{\"@type\":\"EntryPoint\",\"urlTemplate\":\"https:\/\/derwegzudir.org\/?s={search_term_string}\"},\"query-input\":{\"@type\":\"PropertyValueSpecification\",\"valueRequired\":true,\"valueName\":\"search_term_string\"}}],\"inLanguage\":\"de\"},{\"@type\":\"Organization\",\"@id\":\"https:\/\/derwegzudir.org\/#organization\",\"name\":\"Der Weg zu Dir - Praxis von Detlef Deva Wallow\",\"url\":\"https:\/\/derwegzudir.org\/\",\"logo\":{\"@type\":\"ImageObject\",\"inLanguage\":\"de\",\"@id\":\"https:\/\/derwegzudir.org\/#\/schema\/logo\/image\/\",\"url\":\"https:\/\/derwegzudir.org\/wp-content\/uploads\/2020\/02\/cropped-3-1.png\",\"contentUrl\":\"https:\/\/derwegzudir.org\/wp-content\/uploads\/2020\/02\/cropped-3-1.png\",\"width\":210,\"height\":126,\"caption\":\"Der Weg zu Dir - Praxis von Detlef Deva Wallow\"},\"image\":{\"@id\":\"https:\/\/derwegzudir.org\/#\/schema\/logo\/image\/\"}}]}<\/script>\n<!-- \/ Yoast SEO plugin. -->","yoast_head_json":{"title":"Referenzen - Der Weg zu Dir - Praxis von Detlef Deva Wallow","robots":{"index":"index","follow":"follow","max-snippet":"max-snippet:-1","max-image-preview":"max-image-preview:large","max-video-preview":"max-video-preview:-1"},"canonical":"https:\/\/derwegzudir.org\/index.php\/referenzen\/","og_locale":"de_DE","og_type":"article","og_title":"Referenzen - Der Weg zu Dir - Praxis von Detlef Deva Wallow","og_description":"Einschlafprobleme und mehr von Kleinkindern Dass \u201eErziehen\u201c nichts mit dem Ein\u00fcben oder Abgew\u00f6hnen von (un)erw\u00fcnschten Verhaltensweisen zu tun hat, hatte ich vor einigen Jahren schon von meinem Hund gelernt, der mit meiner auf vielen \u00dcbungen basierenden Erziehung nichts anfangen konnte und auf den ich mich erst richtig verlassen konnte, nachdem ich mich entschieden hatte, wirklichWeiterlesen","og_url":"https:\/\/derwegzudir.org\/index.php\/referenzen\/","og_site_name":"Der Weg zu Dir - Praxis von Detlef Deva Wallow","twitter_card":"summary_large_image","twitter_misc":{"Gesch\u00e4tzte Lesezeit":"12\u00a0Minuten"},"schema":{"@context":"https:\/\/schema.org","@graph":[{"@type":"WebPage","@id":"https:\/\/derwegzudir.org\/index.php\/referenzen\/","url":"https:\/\/derwegzudir.org\/index.php\/referenzen\/","name":"Referenzen - Der Weg zu Dir - Praxis von Detlef Deva Wallow","isPartOf":{"@id":"https:\/\/derwegzudir.org\/#website"},"datePublished":"2015-05-05T11:23:35+00:00","breadcrumb":{"@id":"https:\/\/derwegzudir.org\/index.php\/referenzen\/#breadcrumb"},"inLanguage":"de","potentialAction":[{"@type":"ReadAction","target":["https:\/\/derwegzudir.org\/index.php\/referenzen\/"]}]},{"@type":"BreadcrumbList","@id":"https:\/\/derwegzudir.org\/index.php\/referenzen\/#breadcrumb","itemListElement":[{"@type":"ListItem","position":1,"name":"Startseite","item":"https:\/\/derwegzudir.org\/"},{"@type":"ListItem","position":2,"name":"Referenzen"}]},{"@type":"WebSite","@id":"https:\/\/derwegzudir.org\/#website","url":"https:\/\/derwegzudir.org\/","name":"Der Weg zu Dir - Praxis von Detlef Deva Wallow","description":"","publisher":{"@id":"https:\/\/derwegzudir.org\/#organization"},"potentialAction":[{"@type":"SearchAction","target":{"@type":"EntryPoint","urlTemplate":"https:\/\/derwegzudir.org\/?s={search_term_string}"},"query-input":{"@type":"PropertyValueSpecification","valueRequired":true,"valueName":"search_term_string"}}],"inLanguage":"de"},{"@type":"Organization","@id":"https:\/\/derwegzudir.org\/#organization","name":"Der Weg zu Dir - Praxis von Detlef Deva Wallow","url":"https:\/\/derwegzudir.org\/","logo":{"@type":"ImageObject","inLanguage":"de","@id":"https:\/\/derwegzudir.org\/#\/schema\/logo\/image\/","url":"https:\/\/derwegzudir.org\/wp-content\/uploads\/2020\/02\/cropped-3-1.png","contentUrl":"https:\/\/derwegzudir.org\/wp-content\/uploads\/2020\/02\/cropped-3-1.png","width":210,"height":126,"caption":"Der Weg zu Dir - Praxis von Detlef Deva Wallow"},"image":{"@id":"https:\/\/derwegzudir.org\/#\/schema\/logo\/image\/"}}]}},"_links":{"self":[{"href":"https:\/\/derwegzudir.org\/index.php\/wp-json\/wp\/v2\/pages\/34","targetHints":{"allow":["GET"]}}],"collection":[{"href":"https:\/\/derwegzudir.org\/index.php\/wp-json\/wp\/v2\/pages"}],"about":[{"href":"https:\/\/derwegzudir.org\/index.php\/wp-json\/wp\/v2\/types\/page"}],"author":[{"embeddable":true,"href":"https:\/\/derwegzudir.org\/index.php\/wp-json\/wp\/v2\/users\/2"}],"replies":[{"embeddable":true,"href":"https:\/\/derwegzudir.org\/index.php\/wp-json\/wp\/v2\/comments?post=34"}],"version-history":[{"count":0,"href":"https:\/\/derwegzudir.org\/index.php\/wp-json\/wp\/v2\/pages\/34\/revisions"}],"wp:attachment":[{"href":"https:\/\/derwegzudir.org\/index.php\/wp-json\/wp\/v2\/media?parent=34"}],"curies":[{"name":"wp","href":"https:\/\/api.w.org\/{rel}","templated":true}]}}