{"id":50,"date":"2015-05-05T13:27:57","date_gmt":"2015-05-05T11:27:57","guid":{"rendered":"http:\/\/derwegzudirwartung.de\/?page_id=50"},"modified":"2021-03-04T16:08:05","modified_gmt":"2021-03-04T16:08:05","slug":"vita","status":"publish","type":"page","link":"https:\/\/derwegzudir.org\/index.php\/vita\/","title":{"rendered":"Vita"},"content":{"rendered":"<p><img loading=\"lazy\" decoding=\"async\" class=\"size-full wp-image-26 alignright\" src=\"https:\/\/derwegzudir.org\/wp-content\/uploads\/2015\/05\/deva_portrait150.jpg\" alt=\"\" width=\"150\" height=\"203\" \/><\/p>\n<p>Detlef Deva Wallow<\/p>\n<p>geb. am 22.01.1963<\/p>\n<p>Ausbildungen und Fortbildungen<\/p>\n<ul>\n<li>Pers\u00f6nlichkeitsentwickler<\/li>\n<li>F\u00fchrungskr\u00e4ftetrainer<\/li>\n<li>Klientenzentrierte Gespr\u00e4chsf\u00fchrung<\/li>\n<li>Ganzheitliche Integrative Atemtherapie mit anschlie\u00dfender Ausbildung zum Pers\u00f6nlichkeitstrainer<\/li>\n<li>Dornmethode<\/li>\n<li>Autor beim Humboldt Verlag\n<ul>\n<li>Hochsensible Kinder: <a href=\"https:\/\/amzn.to\/3bgtANv\" target=\"_blank\" rel=\"noopener noreferrer\">Alle Antennen auf Empfang<\/a><\/li>\n<li>Erziehungsratgeber: <a href=\"https:\/\/amzn.to\/2O0Q9x0\" target=\"_blank\" rel=\"noopener noreferrer\">Gl\u00fcckliche Kinder brauchen entspannte Eltern<\/a><\/li>\n<\/ul>\n<\/li>\n<\/ul>\n","protected":false},"excerpt":{"rendered":"<p>Detlef Deva Wallow geb. am 22.01.1963 Ausbildungen und Fortbildungen Pers\u00f6nlichkeitsentwickler F\u00fchrungskr\u00e4ftetrainer Klientenzentrierte Gespr\u00e4chsf\u00fchrung Ganzheitliche Integrative Atemtherapie mit anschlie\u00dfender Ausbildung zum Pers\u00f6nlichkeitstrainer Dornmethode Autor beim Humboldt Verlag Hochsensible Kinder: Alle Antennen auf Empfang Erziehungsratgeber: Gl\u00fcckliche Kinder brauchen entspannte Eltern<\/p>\n","protected":false},"author":2,"featured_media":0,"parent":0,"menu_order":0,"comment_status":"closed","ping_status":"closed","template":"","meta":{"footnotes":"","_links_to":"","_links_to_target":""},"class_list":["post-50","page","type-page","status-publish","hentry"],"yoast_head":"<!-- This site is optimized with the Yoast SEO plugin v27.1.1 - https:\/\/yoast.com\/product\/yoast-seo-wordpress\/ -->\n<title>Vita - Der Weg zu Dir - Praxis von Detlef Deva Wallow<\/title>\n<meta name=\"description\" content=\"Praxis f\u00fcr Paar- und Familienberatung, Atemtherapie, Geburtstrauma und Coaching\" \/>\n<meta name=\"robots\" content=\"index, follow, max-snippet:-1, max-image-preview:large, max-video-preview:-1\" \/>\n<link rel=\"canonical\" href=\"https:\/\/derwegzudir.org\/index.php\/vita\/\" \/>\n<meta property=\"og:locale\" content=\"de_DE\" \/>\n<meta property=\"og:type\" content=\"article\" \/>\n<meta property=\"og:title\" content=\"Vita - Der Weg zu Dir - Praxis von Detlef Deva Wallow\" \/>\n<meta property=\"og:description\" content=\"Praxis f\u00fcr Paar- und Familienberatung, Atemtherapie, Geburtstrauma und Coaching\" \/>\n<meta property=\"og:url\" content=\"https:\/\/derwegzudir.org\/index.php\/vita\/\" \/>\n<meta property=\"og:site_name\" content=\"Der Weg zu Dir - Praxis von Detlef Deva Wallow\" \/>\n<meta property=\"article:modified_time\" content=\"2021-03-04T16:08:05+00:00\" \/>\n<meta property=\"og:image\" content=\"https:\/\/derwegzudir.org\/wp-content\/uploads\/2015\/05\/deva_portrait150.jpg\" \/>\n<meta name=\"twitter:card\" content=\"summary_large_image\" \/>\n<meta name=\"twitter:label1\" content=\"Gesch\u00e4tzte Lesezeit\" \/>\n\t<meta name=\"twitter:data1\" content=\"1\u00a0Minute\" \/>\n<script type=\"application\/ld+json\" class=\"yoast-schema-graph\">{\"@context\":\"https:\/\/schema.org\",\"@graph\":[{\"@type\":\"WebPage\",\"@id\":\"https:\/\/derwegzudir.org\/index.php\/vita\/\",\"url\":\"https:\/\/derwegzudir.org\/index.php\/vita\/\",\"name\":\"Vita - Der Weg zu Dir - Praxis von Detlef Deva Wallow\",\"isPartOf\":{\"@id\":\"https:\/\/derwegzudir.org\/#website\"},\"primaryImageOfPage\":{\"@id\":\"https:\/\/derwegzudir.org\/index.php\/vita\/#primaryimage\"},\"image\":{\"@id\":\"https:\/\/derwegzudir.org\/index.php\/vita\/#primaryimage\"},\"thumbnailUrl\":\"https:\/\/derwegzudir.org\/wp-content\/uploads\/2015\/05\/deva_portrait150.jpg\",\"datePublished\":\"2015-05-05T11:27:57+00:00\",\"dateModified\":\"2021-03-04T16:08:05+00:00\",\"description\":\"Praxis f\u00fcr Paar- und Familienberatung, Atemtherapie, Geburtstrauma und Coaching\",\"breadcrumb\":{\"@id\":\"https:\/\/derwegzudir.org\/index.php\/vita\/#breadcrumb\"},\"inLanguage\":\"de\",\"potentialAction\":[{\"@type\":\"ReadAction\",\"target\":[\"https:\/\/derwegzudir.org\/index.php\/vita\/\"]}]},{\"@type\":\"ImageObject\",\"inLanguage\":\"de\",\"@id\":\"https:\/\/derwegzudir.org\/index.php\/vita\/#primaryimage\",\"url\":\"https:\/\/derwegzudir.org\/wp-content\/uploads\/2015\/05\/deva_portrait150.jpg\",\"contentUrl\":\"https:\/\/derwegzudir.org\/wp-content\/uploads\/2015\/05\/deva_portrait150.jpg\",\"width\":150,\"height\":203},{\"@type\":\"BreadcrumbList\",\"@id\":\"https:\/\/derwegzudir.org\/index.php\/vita\/#breadcrumb\",\"itemListElement\":[{\"@type\":\"ListItem\",\"position\":1,\"name\":\"Startseite\",\"item\":\"https:\/\/derwegzudir.org\/\"},{\"@type\":\"ListItem\",\"position\":2,\"name\":\"Vita\"}]},{\"@type\":\"WebSite\",\"@id\":\"https:\/\/derwegzudir.org\/#website\",\"url\":\"https:\/\/derwegzudir.org\/\",\"name\":\"Der Weg zu Dir - Praxis von Detlef Deva Wallow\",\"description\":\"\",\"publisher\":{\"@id\":\"https:\/\/derwegzudir.org\/#organization\"},\"potentialAction\":[{\"@type\":\"SearchAction\",\"target\":{\"@type\":\"EntryPoint\",\"urlTemplate\":\"https:\/\/derwegzudir.org\/?s={search_term_string}\"},\"query-input\":{\"@type\":\"PropertyValueSpecification\",\"valueRequired\":true,\"valueName\":\"search_term_string\"}}],\"inLanguage\":\"de\"},{\"@type\":\"Organization\",\"@id\":\"https:\/\/derwegzudir.org\/#organization\",\"name\":\"Der Weg zu Dir - Praxis von Detlef Deva Wallow\",\"url\":\"https:\/\/derwegzudir.org\/\",\"logo\":{\"@type\":\"ImageObject\",\"inLanguage\":\"de\",\"@id\":\"https:\/\/derwegzudir.org\/#\/schema\/logo\/image\/\",\"url\":\"https:\/\/derwegzudir.org\/wp-content\/uploads\/2020\/02\/cropped-3-1.png\",\"contentUrl\":\"https:\/\/derwegzudir.org\/wp-content\/uploads\/2020\/02\/cropped-3-1.png\",\"width\":210,\"height\":126,\"caption\":\"Der Weg zu Dir - Praxis von Detlef Deva Wallow\"},\"image\":{\"@id\":\"https:\/\/derwegzudir.org\/#\/schema\/logo\/image\/\"}}]}<\/script>\n<!-- \/ Yoast SEO plugin. -->","yoast_head_json":{"title":"Vita - Der Weg zu Dir - Praxis von Detlef Deva Wallow","description":"Praxis f\u00fcr Paar- und Familienberatung, Atemtherapie, Geburtstrauma und Coaching","robots":{"index":"index","follow":"follow","max-snippet":"max-snippet:-1","max-image-preview":"max-image-preview:large","max-video-preview":"max-video-preview:-1"},"canonical":"https:\/\/derwegzudir.org\/index.php\/vita\/","og_locale":"de_DE","og_type":"article","og_title":"Vita - Der Weg zu Dir - Praxis von Detlef Deva Wallow","og_description":"Praxis f\u00fcr Paar- und Familienberatung, Atemtherapie, Geburtstrauma und Coaching","og_url":"https:\/\/derwegzudir.org\/index.php\/vita\/","og_site_name":"Der Weg zu Dir - Praxis von Detlef Deva Wallow","article_modified_time":"2021-03-04T16:08:05+00:00","og_image":[{"url":"https:\/\/derwegzudir.org\/wp-content\/uploads\/2015\/05\/deva_portrait150.jpg","type":"","width":"","height":""}],"twitter_card":"summary_large_image","twitter_misc":{"Gesch\u00e4tzte Lesezeit":"1\u00a0Minute"},"schema":{"@context":"https:\/\/schema.org","@graph":[{"@type":"WebPage","@id":"https:\/\/derwegzudir.org\/index.php\/vita\/","url":"https:\/\/derwegzudir.org\/index.php\/vita\/","name":"Vita - Der Weg zu Dir - Praxis von Detlef Deva Wallow","isPartOf":{"@id":"https:\/\/derwegzudir.org\/#website"},"primaryImageOfPage":{"@id":"https:\/\/derwegzudir.org\/index.php\/vita\/#primaryimage"},"image":{"@id":"https:\/\/derwegzudir.org\/index.php\/vita\/#primaryimage"},"thumbnailUrl":"https:\/\/derwegzudir.org\/wp-content\/uploads\/2015\/05\/deva_portrait150.jpg","datePublished":"2015-05-05T11:27:57+00:00","dateModified":"2021-03-04T16:08:05+00:00","description":"Praxis f\u00fcr Paar- und Familienberatung, Atemtherapie, Geburtstrauma und Coaching","breadcrumb":{"@id":"https:\/\/derwegzudir.org\/index.php\/vita\/#breadcrumb"},"inLanguage":"de","potentialAction":[{"@type":"ReadAction","target":["https:\/\/derwegzudir.org\/index.php\/vita\/"]}]},{"@type":"ImageObject","inLanguage":"de","@id":"https:\/\/derwegzudir.org\/index.php\/vita\/#primaryimage","url":"https:\/\/derwegzudir.org\/wp-content\/uploads\/2015\/05\/deva_portrait150.jpg","contentUrl":"https:\/\/derwegzudir.org\/wp-content\/uploads\/2015\/05\/deva_portrait150.jpg","width":150,"height":203},{"@type":"BreadcrumbList","@id":"https:\/\/derwegzudir.org\/index.php\/vita\/#breadcrumb","itemListElement":[{"@type":"ListItem","position":1,"name":"Startseite","item":"https:\/\/derwegzudir.org\/"},{"@type":"ListItem","position":2,"name":"Vita"}]},{"@type":"WebSite","@id":"https:\/\/derwegzudir.org\/#website","url":"https:\/\/derwegzudir.org\/","name":"Der Weg zu Dir - Praxis von Detlef Deva Wallow","description":"","publisher":{"@id":"https:\/\/derwegzudir.org\/#organization"},"potentialAction":[{"@type":"SearchAction","target":{"@type":"EntryPoint","urlTemplate":"https:\/\/derwegzudir.org\/?s={search_term_string}"},"query-input":{"@type":"PropertyValueSpecification","valueRequired":true,"valueName":"search_term_string"}}],"inLanguage":"de"},{"@type":"Organization","@id":"https:\/\/derwegzudir.org\/#organization","name":"Der Weg zu Dir - Praxis von Detlef Deva Wallow","url":"https:\/\/derwegzudir.org\/","logo":{"@type":"ImageObject","inLanguage":"de","@id":"https:\/\/derwegzudir.org\/#\/schema\/logo\/image\/","url":"https:\/\/derwegzudir.org\/wp-content\/uploads\/2020\/02\/cropped-3-1.png","contentUrl":"https:\/\/derwegzudir.org\/wp-content\/uploads\/2020\/02\/cropped-3-1.png","width":210,"height":126,"caption":"Der Weg zu Dir - Praxis von Detlef Deva Wallow"},"image":{"@id":"https:\/\/derwegzudir.org\/#\/schema\/logo\/image\/"}}]}},"_links":{"self":[{"href":"https:\/\/derwegzudir.org\/index.php\/wp-json\/wp\/v2\/pages\/50","targetHints":{"allow":["GET"]}}],"collection":[{"href":"https:\/\/derwegzudir.org\/index.php\/wp-json\/wp\/v2\/pages"}],"about":[{"href":"https:\/\/derwegzudir.org\/index.php\/wp-json\/wp\/v2\/types\/page"}],"author":[{"embeddable":true,"href":"https:\/\/derwegzudir.org\/index.php\/wp-json\/wp\/v2\/users\/2"}],"replies":[{"embeddable":true,"href":"https:\/\/derwegzudir.org\/index.php\/wp-json\/wp\/v2\/comments?post=50"}],"version-history":[{"count":11,"href":"https:\/\/derwegzudir.org\/index.php\/wp-json\/wp\/v2\/pages\/50\/revisions"}],"predecessor-version":[{"id":474,"href":"https:\/\/derwegzudir.org\/index.php\/wp-json\/wp\/v2\/pages\/50\/revisions\/474"}],"wp:attachment":[{"href":"https:\/\/derwegzudir.org\/index.php\/wp-json\/wp\/v2\/media?parent=50"}],"curies":[{"name":"wp","href":"https:\/\/api.w.org\/{rel}","templated":true}]}}