{"id":525,"date":"2025-01-19T16:14:47","date_gmt":"2025-01-19T16:14:47","guid":{"rendered":"https:\/\/derwegzudir.org\/?page_id=525"},"modified":"2025-11-20T12:08:39","modified_gmt":"2025-11-20T12:08:39","slug":"bindungsanalyse-und-bindungsfoerderung","status":"publish","type":"page","link":"https:\/\/derwegzudir.org\/index.php\/bindungsanalyse-und-bindungsfoerderung\/","title":{"rendered":"Bindungsanalyse und -f\u00f6rderung"},"content":{"rendered":"<h3><strong>Bindungsexperte f\u00fcr pr\u00e4- und postnatale Beratung<\/strong><\/h3>\n<p>Eine starke Bindung beginnt schon vor der Geburt. Als Bindungsexperte begleite ich Sie einf\u00fchlsam auf diesem Weg \u2013 von der Schwangerschaft bis in die ersten Lebensjahre Ihres Kindes. Mein Ziel ist es, werdende und frischgebackene Eltern dabei zu unterst\u00fctzen, eine sichere und liebevolle Beziehung zu ihrem Baby aufzubauen.<\/p>\n<p>Mein Schwerpunkt liegt auf der\u00a0<strong>pr\u00e4- und postnatalen Beratung<\/strong>. Ich helfe Ihnen unter anderem bei folgenden Themen:<\/p>\n<p><img decoding=\"async\" class=\"emoji\" role=\"img\" draggable=\"false\" src=\"https:\/\/s.w.org\/images\/core\/emoji\/15.0.3\/svg\/2714.svg\" alt=\"\u2714\ufe0f\" \/>\u00a0<strong>Emotionale Bindung in der Schwangerschaft<\/strong> \u2013 Wie Sie schon jetzt eine tiefe Verbindung zu Ihrem Baby aufbauen und Herausforderungen gemeinsam meistern k\u00f6nnen.<\/p>\n<p><img decoding=\"async\" class=\"emoji\" role=\"img\" draggable=\"false\" src=\"https:\/\/s.w.org\/images\/core\/emoji\/15.0.3\/svg\/2714.svg\" alt=\"\u2714\ufe0f\" \/>\u00a0<strong>Sicherer Start ins Leben<\/strong>\u00a0\u2013 Unterst\u00fctzung f\u00fcr eine sanfte Geburt und die ersten Bindungsmomente.<\/p>\n<p><img decoding=\"async\" class=\"emoji\" role=\"img\" draggable=\"false\" src=\"https:\/\/s.w.org\/images\/core\/emoji\/15.0.3\/svg\/2714.svg\" alt=\"\u2714\ufe0f\" \/>\u00a0<strong>Bindungsorientierte\u00a0<\/strong><strong>Elternschaft<\/strong>\u00a0\u2013 Praktische Tipps f\u00fcr N\u00e4he, Vertrauen und Geborgenheit im Alltag.<\/p>\n<p><img decoding=\"async\" class=\"emoji\" role=\"img\" draggable=\"false\" src=\"https:\/\/s.w.org\/images\/core\/emoji\/15.0.3\/svg\/2714.svg\" alt=\"\u2714\ufe0f\" \/>\u00a0<strong>Regulation von Stress &amp; Emotionen<\/strong> \u2013 Wie Sie und Ihr Baby entspannt mit Stress und \u00c4ngsten umgehen k\u00f6nnen.<\/p>\n<p>Jede Familie ist einzigartig \u2013 und so gestalte ich meine Begleitung individuell auf Ihre Bed\u00fcrfnisse abgestimmt. Lassen Sie uns gemeinsam einen sicheren, liebevollen Rahmen f\u00fcr Ihr Baby schaffen.<\/p>\n<p><img decoding=\"async\" class=\"emoji\" role=\"img\" draggable=\"false\" src=\"https:\/\/s.w.org\/images\/core\/emoji\/15.0.3\/svg\/1f4de.svg\" alt=\"\ud83d\udcde\" \/>\u00a0<strong>Ich freuen mich auf Ihren Anruf!<\/strong><\/p>\n","protected":false},"excerpt":{"rendered":"<p>Bindungsexperte f\u00fcr pr\u00e4- und postnatale Beratung Eine starke Bindung beginnt schon vor der Geburt. Als Bindungsexperte begleite ich Sie einf\u00fchlsam auf diesem Weg \u2013 von der Schwangerschaft bis in die ersten Lebensjahre Ihres Kindes. Mein Ziel ist es, werdende und frischgebackene Eltern dabei zu unterst\u00fctzen, eine sichere und liebevolle Beziehung zu ihrem Baby aufzubauen. Mein<\/p>\n<p><a href=\"https:\/\/derwegzudir.org\/index.php\/bindungsanalyse-und-bindungsfoerderung\/\" class=\"more-link\">Weiterlesen<\/a><\/p>\n","protected":false},"author":1,"featured_media":0,"parent":0,"menu_order":0,"comment_status":"closed","ping_status":"closed","template":"","meta":{"footnotes":"","_links_to":"","_links_to_target":""},"class_list":["post-525","page","type-page","status-publish","hentry"],"yoast_head":"<!-- This site is optimized with the Yoast SEO plugin v27.1.1 - https:\/\/yoast.com\/product\/yoast-seo-wordpress\/ -->\n<title>Bindungsanalyse und -f\u00f6rderung - Der Weg zu Dir - Praxis von Detlef Deva Wallow<\/title>\n<meta name=\"description\" content=\"Als Bindungsexperte begleite ich Sie einf\u00fchlsam bei der Bindungsf\u00f6rderung von der Schwangerschaft bis in die ersten Lebensjahre.\" \/>\n<meta name=\"robots\" content=\"index, follow, max-snippet:-1, max-image-preview:large, max-video-preview:-1\" \/>\n<link rel=\"canonical\" href=\"https:\/\/derwegzudir.org\/index.php\/bindungsanalyse-und-bindungsfoerderung\/\" \/>\n<meta property=\"og:locale\" content=\"de_DE\" \/>\n<meta property=\"og:type\" content=\"article\" \/>\n<meta property=\"og:title\" content=\"Bindungsanalyse und -f\u00f6rderung - Der Weg zu Dir - Praxis von Detlef Deva Wallow\" \/>\n<meta property=\"og:description\" content=\"Als Bindungsexperte begleite ich Sie einf\u00fchlsam bei der Bindungsf\u00f6rderung von der Schwangerschaft bis in die ersten Lebensjahre.\" \/>\n<meta property=\"og:url\" content=\"https:\/\/derwegzudir.org\/index.php\/bindungsanalyse-und-bindungsfoerderung\/\" \/>\n<meta property=\"og:site_name\" content=\"Der Weg zu Dir - Praxis von Detlef Deva Wallow\" \/>\n<meta property=\"article:modified_time\" content=\"2025-11-20T12:08:39+00:00\" \/>\n<meta property=\"og:image\" content=\"https:\/\/s.w.org\/images\/core\/emoji\/15.0.3\/svg\/2714.svg\" \/>\n<meta name=\"twitter:card\" content=\"summary_large_image\" \/>\n<meta name=\"twitter:label1\" content=\"Gesch\u00e4tzte Lesezeit\" \/>\n\t<meta name=\"twitter:data1\" content=\"2\u00a0Minuten\" \/>\n<script type=\"application\/ld+json\" class=\"yoast-schema-graph\">{\"@context\":\"https:\/\/schema.org\",\"@graph\":[{\"@type\":\"WebPage\",\"@id\":\"https:\/\/derwegzudir.org\/index.php\/bindungsanalyse-und-bindungsfoerderung\/\",\"url\":\"https:\/\/derwegzudir.org\/index.php\/bindungsanalyse-und-bindungsfoerderung\/\",\"name\":\"Bindungsanalyse und -f\u00f6rderung - Der Weg zu Dir - Praxis von Detlef Deva Wallow\",\"isPartOf\":{\"@id\":\"https:\/\/derwegzudir.org\/#website\"},\"primaryImageOfPage\":{\"@id\":\"https:\/\/derwegzudir.org\/index.php\/bindungsanalyse-und-bindungsfoerderung\/#primaryimage\"},\"image\":{\"@id\":\"https:\/\/derwegzudir.org\/index.php\/bindungsanalyse-und-bindungsfoerderung\/#primaryimage\"},\"thumbnailUrl\":\"https:\/\/s.w.org\/images\/core\/emoji\/15.0.3\/svg\/2714.svg\",\"datePublished\":\"2025-01-19T16:14:47+00:00\",\"dateModified\":\"2025-11-20T12:08:39+00:00\",\"description\":\"Als Bindungsexperte begleite ich Sie einf\u00fchlsam bei der Bindungsf\u00f6rderung von der Schwangerschaft bis in die ersten Lebensjahre.\",\"breadcrumb\":{\"@id\":\"https:\/\/derwegzudir.org\/index.php\/bindungsanalyse-und-bindungsfoerderung\/#breadcrumb\"},\"inLanguage\":\"de\",\"potentialAction\":[{\"@type\":\"ReadAction\",\"target\":[\"https:\/\/derwegzudir.org\/index.php\/bindungsanalyse-und-bindungsfoerderung\/\"]}]},{\"@type\":\"ImageObject\",\"inLanguage\":\"de\",\"@id\":\"https:\/\/derwegzudir.org\/index.php\/bindungsanalyse-und-bindungsfoerderung\/#primaryimage\",\"url\":\"https:\/\/s.w.org\/images\/core\/emoji\/15.0.3\/svg\/2714.svg\",\"contentUrl\":\"https:\/\/s.w.org\/images\/core\/emoji\/15.0.3\/svg\/2714.svg\"},{\"@type\":\"BreadcrumbList\",\"@id\":\"https:\/\/derwegzudir.org\/index.php\/bindungsanalyse-und-bindungsfoerderung\/#breadcrumb\",\"itemListElement\":[{\"@type\":\"ListItem\",\"position\":1,\"name\":\"Startseite\",\"item\":\"https:\/\/derwegzudir.org\/\"},{\"@type\":\"ListItem\",\"position\":2,\"name\":\"Bindungsanalyse und -f\u00f6rderung\"}]},{\"@type\":\"WebSite\",\"@id\":\"https:\/\/derwegzudir.org\/#website\",\"url\":\"https:\/\/derwegzudir.org\/\",\"name\":\"Der Weg zu Dir - Praxis von Detlef Deva Wallow\",\"description\":\"\",\"publisher\":{\"@id\":\"https:\/\/derwegzudir.org\/#organization\"},\"potentialAction\":[{\"@type\":\"SearchAction\",\"target\":{\"@type\":\"EntryPoint\",\"urlTemplate\":\"https:\/\/derwegzudir.org\/?s={search_term_string}\"},\"query-input\":{\"@type\":\"PropertyValueSpecification\",\"valueRequired\":true,\"valueName\":\"search_term_string\"}}],\"inLanguage\":\"de\"},{\"@type\":\"Organization\",\"@id\":\"https:\/\/derwegzudir.org\/#organization\",\"name\":\"Der Weg zu Dir - Praxis von Detlef Deva Wallow\",\"url\":\"https:\/\/derwegzudir.org\/\",\"logo\":{\"@type\":\"ImageObject\",\"inLanguage\":\"de\",\"@id\":\"https:\/\/derwegzudir.org\/#\/schema\/logo\/image\/\",\"url\":\"https:\/\/derwegzudir.org\/wp-content\/uploads\/2020\/02\/cropped-3-1.png\",\"contentUrl\":\"https:\/\/derwegzudir.org\/wp-content\/uploads\/2020\/02\/cropped-3-1.png\",\"width\":210,\"height\":126,\"caption\":\"Der Weg zu Dir - Praxis von Detlef Deva Wallow\"},\"image\":{\"@id\":\"https:\/\/derwegzudir.org\/#\/schema\/logo\/image\/\"}}]}<\/script>\n<!-- \/ Yoast SEO plugin. -->","yoast_head_json":{"title":"Bindungsanalyse und -f\u00f6rderung - Der Weg zu Dir - Praxis von Detlef Deva Wallow","description":"Als Bindungsexperte begleite ich Sie einf\u00fchlsam bei der Bindungsf\u00f6rderung von der Schwangerschaft bis in die ersten Lebensjahre.","robots":{"index":"index","follow":"follow","max-snippet":"max-snippet:-1","max-image-preview":"max-image-preview:large","max-video-preview":"max-video-preview:-1"},"canonical":"https:\/\/derwegzudir.org\/index.php\/bindungsanalyse-und-bindungsfoerderung\/","og_locale":"de_DE","og_type":"article","og_title":"Bindungsanalyse und -f\u00f6rderung - Der Weg zu Dir - Praxis von Detlef Deva Wallow","og_description":"Als Bindungsexperte begleite ich Sie einf\u00fchlsam bei der Bindungsf\u00f6rderung von der Schwangerschaft bis in die ersten Lebensjahre.","og_url":"https:\/\/derwegzudir.org\/index.php\/bindungsanalyse-und-bindungsfoerderung\/","og_site_name":"Der Weg zu Dir - Praxis von Detlef Deva Wallow","article_modified_time":"2025-11-20T12:08:39+00:00","og_image":[{"url":"https:\/\/s.w.org\/images\/core\/emoji\/15.0.3\/svg\/2714.svg","type":"","width":"","height":""}],"twitter_card":"summary_large_image","twitter_misc":{"Gesch\u00e4tzte Lesezeit":"2\u00a0Minuten"},"schema":{"@context":"https:\/\/schema.org","@graph":[{"@type":"WebPage","@id":"https:\/\/derwegzudir.org\/index.php\/bindungsanalyse-und-bindungsfoerderung\/","url":"https:\/\/derwegzudir.org\/index.php\/bindungsanalyse-und-bindungsfoerderung\/","name":"Bindungsanalyse und -f\u00f6rderung - Der Weg zu Dir - Praxis von Detlef Deva Wallow","isPartOf":{"@id":"https:\/\/derwegzudir.org\/#website"},"primaryImageOfPage":{"@id":"https:\/\/derwegzudir.org\/index.php\/bindungsanalyse-und-bindungsfoerderung\/#primaryimage"},"image":{"@id":"https:\/\/derwegzudir.org\/index.php\/bindungsanalyse-und-bindungsfoerderung\/#primaryimage"},"thumbnailUrl":"https:\/\/s.w.org\/images\/core\/emoji\/15.0.3\/svg\/2714.svg","datePublished":"2025-01-19T16:14:47+00:00","dateModified":"2025-11-20T12:08:39+00:00","description":"Als Bindungsexperte begleite ich Sie einf\u00fchlsam bei der Bindungsf\u00f6rderung von der Schwangerschaft bis in die ersten Lebensjahre.","breadcrumb":{"@id":"https:\/\/derwegzudir.org\/index.php\/bindungsanalyse-und-bindungsfoerderung\/#breadcrumb"},"inLanguage":"de","potentialAction":[{"@type":"ReadAction","target":["https:\/\/derwegzudir.org\/index.php\/bindungsanalyse-und-bindungsfoerderung\/"]}]},{"@type":"ImageObject","inLanguage":"de","@id":"https:\/\/derwegzudir.org\/index.php\/bindungsanalyse-und-bindungsfoerderung\/#primaryimage","url":"https:\/\/s.w.org\/images\/core\/emoji\/15.0.3\/svg\/2714.svg","contentUrl":"https:\/\/s.w.org\/images\/core\/emoji\/15.0.3\/svg\/2714.svg"},{"@type":"BreadcrumbList","@id":"https:\/\/derwegzudir.org\/index.php\/bindungsanalyse-und-bindungsfoerderung\/#breadcrumb","itemListElement":[{"@type":"ListItem","position":1,"name":"Startseite","item":"https:\/\/derwegzudir.org\/"},{"@type":"ListItem","position":2,"name":"Bindungsanalyse und -f\u00f6rderung"}]},{"@type":"WebSite","@id":"https:\/\/derwegzudir.org\/#website","url":"https:\/\/derwegzudir.org\/","name":"Der Weg zu Dir - Praxis von Detlef Deva Wallow","description":"","publisher":{"@id":"https:\/\/derwegzudir.org\/#organization"},"potentialAction":[{"@type":"SearchAction","target":{"@type":"EntryPoint","urlTemplate":"https:\/\/derwegzudir.org\/?s={search_term_string}"},"query-input":{"@type":"PropertyValueSpecification","valueRequired":true,"valueName":"search_term_string"}}],"inLanguage":"de"},{"@type":"Organization","@id":"https:\/\/derwegzudir.org\/#organization","name":"Der Weg zu Dir - Praxis von Detlef Deva Wallow","url":"https:\/\/derwegzudir.org\/","logo":{"@type":"ImageObject","inLanguage":"de","@id":"https:\/\/derwegzudir.org\/#\/schema\/logo\/image\/","url":"https:\/\/derwegzudir.org\/wp-content\/uploads\/2020\/02\/cropped-3-1.png","contentUrl":"https:\/\/derwegzudir.org\/wp-content\/uploads\/2020\/02\/cropped-3-1.png","width":210,"height":126,"caption":"Der Weg zu Dir - Praxis von Detlef Deva Wallow"},"image":{"@id":"https:\/\/derwegzudir.org\/#\/schema\/logo\/image\/"}}]}},"_links":{"self":[{"href":"https:\/\/derwegzudir.org\/index.php\/wp-json\/wp\/v2\/pages\/525","targetHints":{"allow":["GET"]}}],"collection":[{"href":"https:\/\/derwegzudir.org\/index.php\/wp-json\/wp\/v2\/pages"}],"about":[{"href":"https:\/\/derwegzudir.org\/index.php\/wp-json\/wp\/v2\/types\/page"}],"author":[{"embeddable":true,"href":"https:\/\/derwegzudir.org\/index.php\/wp-json\/wp\/v2\/users\/1"}],"replies":[{"embeddable":true,"href":"https:\/\/derwegzudir.org\/index.php\/wp-json\/wp\/v2\/comments?post=525"}],"version-history":[{"count":1,"href":"https:\/\/derwegzudir.org\/index.php\/wp-json\/wp\/v2\/pages\/525\/revisions"}],"predecessor-version":[{"id":526,"href":"https:\/\/derwegzudir.org\/index.php\/wp-json\/wp\/v2\/pages\/525\/revisions\/526"}],"wp:attachment":[{"href":"https:\/\/derwegzudir.org\/index.php\/wp-json\/wp\/v2\/media?parent=525"}],"curies":[{"name":"wp","href":"https:\/\/api.w.org\/{rel}","templated":true}]}}